{"id":12330,"date":"2021-04-23T16:46:34","date_gmt":"2021-04-23T14:46:34","guid":{"rendered":"https:\/\/kammeleon.si\/?post_type=product&#038;p=12330"},"modified":"2025-04-01T09:19:35","modified_gmt":"2025-04-01T07:19:35","slug":"kristalna-piramida-jin-jang-l","status":"publish","type":"product","link":"https:\/\/kammeleon.si\/?product=kristalna-piramida-jin-jang-l","title":{"rendered":"Kristalna piramida JIN JANG-L"},"content":{"rendered":"<p>Kristalna piramida se uporablja za izbolj\u0161anje bivalnih in delovnih pogojev in za za\u0161\u010dito pred slabimi energijami in sevanji.<\/p>\n<p>Material: steklo<\/p>\n","protected":false},"excerpt":{"rendered":"<p>Kristalna piramida 5.5 x 5.5cm.<\/p>\n","protected":false},"featured_media":12328,"comment_status":"open","ping_status":"closed","template":"","meta":[],"_links":{"self":[{"href":"https:\/\/kammeleon.si\/index.php?rest_route=\/wp\/v2\/product\/12330"}],"collection":[{"href":"https:\/\/kammeleon.si\/index.php?rest_route=\/wp\/v2\/product"}],"about":[{"href":"https:\/\/kammeleon.si\/index.php?rest_route=\/wp\/v2\/types\/product"}],"replies":[{"embeddable":true,"href":"https:\/\/kammeleon.si\/index.php?rest_route=%2Fwp%2Fv2%2Fcomments&post=12330"}],"wp:featuredmedia":[{"embeddable":true,"href":"https:\/\/kammeleon.si\/index.php?rest_route=\/wp\/v2\/media\/12328"}],"wp:attachment":[{"href":"https:\/\/kammeleon.si\/index.php?rest_route=%2Fwp%2Fv2%2Fmedia&parent=12330"}],"curies":[{"name":"wp","href":"https:\/\/api.w.org\/{rel}","templated":true}]}}