{"id":12327,"date":"2021-04-23T16:23:19","date_gmt":"2021-04-23T14:23:19","guid":{"rendered":"https:\/\/kammeleon.si\/?post_type=product&#038;p=12327"},"modified":"2025-04-01T09:19:57","modified_gmt":"2025-04-01T07:19:57","slug":"kristalna-piramida-jin-jang-s","status":"publish","type":"product","link":"https:\/\/kammeleon.si\/?product=kristalna-piramida-jin-jang-s","title":{"rendered":"Kristalna piramida JIN JANG- S"},"content":{"rendered":"<p><span style=\"vertical-align: inherit;\"><span style=\"vertical-align: inherit;\">Kristalna piramida se uporablja za izbolj\u0161anje bivalnih in delovnih pogojev in za za\u0161\u010dito pred slabimi energijami in sevanji.<\/span><\/span><\/p>\n<p><span style=\"vertical-align: inherit;\"><span style=\"vertical-align: inherit;\">Material: steklo<\/span><\/span><\/p>\n","protected":false},"excerpt":{"rendered":"<p><span style=\"vertical-align: inherit;\"><span style=\"vertical-align: inherit;\">Kristalna piramida 3,5 x 3,5 cm.<\/span><\/span><\/p>\n","protected":false},"featured_media":12328,"comment_status":"open","ping_status":"closed","template":"","meta":[],"_links":{"self":[{"href":"https:\/\/kammeleon.si\/index.php?rest_route=\/wp\/v2\/product\/12327"}],"collection":[{"href":"https:\/\/kammeleon.si\/index.php?rest_route=\/wp\/v2\/product"}],"about":[{"href":"https:\/\/kammeleon.si\/index.php?rest_route=\/wp\/v2\/types\/product"}],"replies":[{"embeddable":true,"href":"https:\/\/kammeleon.si\/index.php?rest_route=%2Fwp%2Fv2%2Fcomments&post=12327"}],"wp:featuredmedia":[{"embeddable":true,"href":"https:\/\/kammeleon.si\/index.php?rest_route=\/wp\/v2\/media\/12328"}],"wp:attachment":[{"href":"https:\/\/kammeleon.si\/index.php?rest_route=%2Fwp%2Fv2%2Fmedia&parent=12327"}],"curies":[{"name":"wp","href":"https:\/\/api.w.org\/{rel}","templated":true}]}}