{"id":12312,"date":"2021-04-07T16:06:21","date_gmt":"2021-04-07T14:06:21","guid":{"rendered":"https:\/\/kammeleon.si\/?post_type=product&#038;p=12312"},"modified":"2021-04-07T16:06:37","modified_gmt":"2021-04-07T14:06:37","slug":"ogrlica-kamena-strela","status":"publish","type":"product","link":"https:\/\/kammeleon.si\/?product=ogrlica-kamena-strela","title":{"rendered":"Ogrlica KAMENA STRELA"},"content":{"rendered":"<p>Poldragi kamni nam govorijo vsak svojo zgodbo. Izvirajo iz najrazli\u010dnej\u0161ih koncev na\u0161ega \u010dude\u017enega planeta in v sebi nosijo tiso\u010dletne skrivnosti in lastnosti.<\/p>\n<p>Kamena strela raste v gorah, zato mu re\u010demo tudi gorski kristal. Zaradi svoje barve je univerzalen &#8211; bela nosi v sebi vso mavrico. Krepi telo in duha, usklajuje um in varuje pred vsemi negativnimi energijami.<\/p>\n<p><strong>Slika je simboli\u010dna, saj gre za naravne kamne, ki se lahko med seboj razlikujejo po obliki, barvi in velikosti.<\/strong><\/p>\n","protected":false},"excerpt":{"rendered":"<p>Kamena strela je eden najmo\u010dnej\u0161ih kristalov, ki jih poznamo.<\/p>\n","protected":false},"featured_media":12313,"comment_status":"open","ping_status":"closed","template":"","meta":[],"_links":{"self":[{"href":"https:\/\/kammeleon.si\/index.php?rest_route=\/wp\/v2\/product\/12312"}],"collection":[{"href":"https:\/\/kammeleon.si\/index.php?rest_route=\/wp\/v2\/product"}],"about":[{"href":"https:\/\/kammeleon.si\/index.php?rest_route=\/wp\/v2\/types\/product"}],"replies":[{"embeddable":true,"href":"https:\/\/kammeleon.si\/index.php?rest_route=%2Fwp%2Fv2%2Fcomments&post=12312"}],"wp:featuredmedia":[{"embeddable":true,"href":"https:\/\/kammeleon.si\/index.php?rest_route=\/wp\/v2\/media\/12313"}],"wp:attachment":[{"href":"https:\/\/kammeleon.si\/index.php?rest_route=%2Fwp%2Fv2%2Fmedia&parent=12312"}],"curies":[{"name":"wp","href":"https:\/\/api.w.org\/{rel}","templated":true}]}}