{"id":12309,"date":"2021-04-07T15:55:03","date_gmt":"2021-04-07T13:55:03","guid":{"rendered":"https:\/\/kammeleon.si\/?post_type=product&#038;p=12309"},"modified":"2021-04-07T15:56:59","modified_gmt":"2021-04-07T13:56:59","slug":"ogrlica-karneol","status":"publish","type":"product","link":"https:\/\/kammeleon.si\/?product=ogrlica-karneol","title":{"rendered":"Ogrlica KARNEOL"},"content":{"rendered":"<p>Poldragi kamni nam govorijo vsak svojo zgodbo. Izvirajo iz najrazli\u010dnej\u0161ih koncev na\u0161ega \u010dude\u017enega planeta in v sebi nosijo tiso\u010dletne skrivnosti in lastnosti.<\/p>\n<p>Karneol pove\u010duje samozavest in prina\u0161a poslovne ter osebne uspehe, krepi \u017eivljenjsko energijo in vitalnost.<\/p>\n<p><strong>Slika je simboli\u010dna, saj gre za naravne kamne, ki se med seboj lahko razlikujejo po obliki, velikosti in barvi.<\/strong><\/p>\n<p>&nbsp;<\/p>\n","protected":false},"excerpt":{"rendered":"<p>Karneol nam pove\u010da pogum, pomaga nam re\u0161evati probleme.<\/p>\n","protected":false},"featured_media":12310,"comment_status":"open","ping_status":"closed","template":"","meta":[],"_links":{"self":[{"href":"https:\/\/kammeleon.si\/index.php?rest_route=\/wp\/v2\/product\/12309"}],"collection":[{"href":"https:\/\/kammeleon.si\/index.php?rest_route=\/wp\/v2\/product"}],"about":[{"href":"https:\/\/kammeleon.si\/index.php?rest_route=\/wp\/v2\/types\/product"}],"replies":[{"embeddable":true,"href":"https:\/\/kammeleon.si\/index.php?rest_route=%2Fwp%2Fv2%2Fcomments&post=12309"}],"wp:featuredmedia":[{"embeddable":true,"href":"https:\/\/kammeleon.si\/index.php?rest_route=\/wp\/v2\/media\/12310"}],"wp:attachment":[{"href":"https:\/\/kammeleon.si\/index.php?rest_route=%2Fwp%2Fv2%2Fmedia&parent=12309"}],"curies":[{"name":"wp","href":"https:\/\/api.w.org\/{rel}","templated":true}]}}