{"id":12304,"date":"2021-04-07T15:36:51","date_gmt":"2021-04-07T13:36:51","guid":{"rendered":"https:\/\/kammeleon.si\/?post_type=product&#038;p=12304"},"modified":"2021-04-07T15:37:06","modified_gmt":"2021-04-07T13:37:06","slug":"ogrlica-drevo-zivljenja-ametist","status":"publish","type":"product","link":"https:\/\/kammeleon.si\/?product=ogrlica-drevo-zivljenja-ametist","title":{"rendered":"Ogrlica DREVO \u017dIVLJENJA ametist"},"content":{"rendered":"<p>Drevo \u017eivljenja predstavlja ponovno rojstvo, rast in dru\u017eino. Kot veje na drevesu, skozi celotno \u017eivljenjsko pot, rastemo v razli\u010dne smeri; nikoli pa ne smemo pozabiti na na\u0161e korenine.<\/p>\n<p>Ametist je kristal izrednih duhovnih vibracij &#8211; kristal ljubezni za na\u0161ega duha.<\/p>\n<p>Zdravi vse oblike odvisnosti in ima zelo mo\u010dne zdravilne lastnosti.<\/p>\n<p>Je naju\u010dinkovitej\u0161i kristal pri odpravi glavobolov in migren.<\/p>\n","protected":false},"excerpt":{"rendered":"<p>Ametist preganja slabe misli in prina\u0161a dobro razpolo\u017eenje.<\/p>\n","protected":false},"featured_media":12305,"comment_status":"open","ping_status":"closed","template":"","meta":[],"_links":{"self":[{"href":"https:\/\/kammeleon.si\/index.php?rest_route=\/wp\/v2\/product\/12304"}],"collection":[{"href":"https:\/\/kammeleon.si\/index.php?rest_route=\/wp\/v2\/product"}],"about":[{"href":"https:\/\/kammeleon.si\/index.php?rest_route=\/wp\/v2\/types\/product"}],"replies":[{"embeddable":true,"href":"https:\/\/kammeleon.si\/index.php?rest_route=%2Fwp%2Fv2%2Fcomments&post=12304"}],"wp:featuredmedia":[{"embeddable":true,"href":"https:\/\/kammeleon.si\/index.php?rest_route=\/wp\/v2\/media\/12305"}],"wp:attachment":[{"href":"https:\/\/kammeleon.si\/index.php?rest_route=%2Fwp%2Fv2%2Fmedia&parent=12304"}],"curies":[{"name":"wp","href":"https:\/\/api.w.org\/{rel}","templated":true}]}}