{"id":12149,"date":"2020-12-13T19:49:40","date_gmt":"2020-12-13T18:49:40","guid":{"rendered":"https:\/\/kammeleon.si\/?post_type=product&#038;p=12149"},"modified":"2024-02-05T14:18:43","modified_gmt":"2024-02-05T13:18:43","slug":"tibetanska-zapestnica-zenska","status":"publish","type":"product","link":"https:\/\/kammeleon.si\/?product=tibetanska-zapestnica-zenska","title":{"rendered":"Tibetanska zapestnica \u017dENSKA"},"content":{"rendered":"<p><span style=\"vertical-align: inherit;\"><span style=\"vertical-align: inherit;\">Tibetanska zapestnica iz sandalovine.<\/span><\/span><\/p>\n<p><span style=\"vertical-align: inherit;\"><span style=\"vertical-align: inherit;\">Sandalovina je zimzeleno drevo, ki raste na jugu Indije. Sandalovina ima spro\u0161\u010dujo\u010d in hkrati ne\u017eno po\u017eivljajo\u010d u\u010dinek. Uti\u0161ajte na\u0161e misli in ustvarite atmosfero, v kateri la\u017eje najdemo notranji mir in meditativno stanje. Sandalovina pomirja ognjevito energijo.V Indiji velja prepri\u010danje, da se zli duhovi bojijo sandalovine in nikoli ne stopijo v prostor, kjer je prisoten njen vonj. Prebuja ob\u010dutek ugodja.<\/span><\/span><\/p>\n","protected":false},"excerpt":{"rendered":"<p><span style=\"vertical-align: inherit;\"><span style=\"vertical-align: inherit;\">Tibetanska zapestnica iz sandalovine, 8 mm.<\/span><\/span><\/p>\n","protected":false},"featured_media":12299,"comment_status":"open","ping_status":"closed","template":"","meta":[],"_links":{"self":[{"href":"https:\/\/kammeleon.si\/index.php?rest_route=\/wp\/v2\/product\/12149"}],"collection":[{"href":"https:\/\/kammeleon.si\/index.php?rest_route=\/wp\/v2\/product"}],"about":[{"href":"https:\/\/kammeleon.si\/index.php?rest_route=\/wp\/v2\/types\/product"}],"replies":[{"embeddable":true,"href":"https:\/\/kammeleon.si\/index.php?rest_route=%2Fwp%2Fv2%2Fcomments&post=12149"}],"wp:featuredmedia":[{"embeddable":true,"href":"https:\/\/kammeleon.si\/index.php?rest_route=\/wp\/v2\/media\/12299"}],"wp:attachment":[{"href":"https:\/\/kammeleon.si\/index.php?rest_route=%2Fwp%2Fv2%2Fmedia&parent=12149"}],"curies":[{"name":"wp","href":"https:\/\/api.w.org\/{rel}","templated":true}]}}