{"id":12117,"date":"2020-12-13T19:30:49","date_gmt":"2020-12-13T18:30:49","guid":{"rendered":"https:\/\/kammeleon.si\/?post_type=product&#038;p=12117"},"modified":"2021-04-09T12:20:37","modified_gmt":"2021-04-09T10:20:37","slug":"disece-palcke-11","status":"publish","type":"product","link":"https:\/\/kammeleon.si\/?product=disece-palcke-11","title":{"rendered":"Di\u0161e\u010de pal\u010dke Goloka NAGCHAMPA AGARBATHI"},"content":{"rendered":"<p>Ro\u010dno izdelane di\u0161e\u010de pal\u010dke Goloka NAGCHAMPA AGARBATHI, 16g.<\/p>\n<p>Poreklo: Indija<\/p>\n<p>Odi\u0161avite svoj dom ali pisarno s priljubljeno di\u0161avo in si oddahnite od vsakodnevnega stresa. Di\u0161e\u010de pal\u010dke<strong>\u00a0<\/strong>ustvarjajo prijetno vzdu\u0161je in delujejo pozitivno na psihi\u010dno po\u010dutje.<\/p>\n<p>Di\u0161e\u010do pal\u010dko namestite v stojalo za kadila, pri\u017egite konico pal\u010dke, ko pal\u010dka zagori s plamenom, jo previdno upihnite.<\/p>\n<p>Di\u0161e\u010de pal\u010dke uporabljajte samo za odi\u0161avljenje prostora. Pri\u017eigajte vedno stran od vnetljivih predmetov. Ne pu\u0161\u010dajte pri\u017egane di\u0161e\u010de pal\u010dke nenadzorovane. Poskrbite, da pepel pada na podstavek ali negore\u010do podlago.<\/p>\n<p>&nbsp;<\/p>\n","protected":false},"excerpt":{"rendered":"<p>Ro\u010dno izdelane di\u0161e\u010de pal\u010dke Goloka NAGCHAMPA AGARBATHI, 16g.<\/p>\n","protected":false},"featured_media":12126,"comment_status":"open","ping_status":"closed","template":"","meta":[],"_links":{"self":[{"href":"https:\/\/kammeleon.si\/index.php?rest_route=\/wp\/v2\/product\/12117"}],"collection":[{"href":"https:\/\/kammeleon.si\/index.php?rest_route=\/wp\/v2\/product"}],"about":[{"href":"https:\/\/kammeleon.si\/index.php?rest_route=\/wp\/v2\/types\/product"}],"replies":[{"embeddable":true,"href":"https:\/\/kammeleon.si\/index.php?rest_route=%2Fwp%2Fv2%2Fcomments&post=12117"}],"wp:featuredmedia":[{"embeddable":true,"href":"https:\/\/kammeleon.si\/index.php?rest_route=\/wp\/v2\/media\/12126"}],"wp:attachment":[{"href":"https:\/\/kammeleon.si\/index.php?rest_route=%2Fwp%2Fv2%2Fmedia&parent=12117"}],"curies":[{"name":"wp","href":"https:\/\/api.w.org\/{rel}","templated":true}]}}