{"id":11807,"date":"2020-11-17T21:06:23","date_gmt":"2020-11-17T20:06:23","guid":{"rendered":"https:\/\/kammeleon.si\/?post_type=product&#038;p=11807"},"modified":"2020-11-27T16:58:06","modified_gmt":"2020-11-27T15:58:06","slug":"ogrlica-iz-poldragega-kamna","status":"publish","type":"product","link":"https:\/\/kammeleon.si\/?product=ogrlica-iz-poldragega-kamna","title":{"rendered":"Ogrlica iz RO\u017dEVCA"},"content":{"rendered":"<p>Ro\u017eevec je kamen srca. \u017de iz Antike je znan kot kamen ljubezni.Prina\u0161a strpnost, ne\u017enost in odpu\u0161\u010danje. Pomirja, pomaga pri razstrupljanju nakopi\u010dene jeze, zamere, ljubosumja in strahov.<\/p>\n<p>Ro\u017eevec budi samozaupanje in ob\u010dutek vrednosti. Tradicionalno velja za kamen plodnosti.<\/p>\n<p><strong>Slika je simboli\u010dna, saj gre za naraven, unikaten kamen, ki se lahko med seboj razlikuje po barvi.<\/strong><\/p>\n","protected":false},"excerpt":{"rendered":"<p>Ro\u017eevec je kamen ljubezni, prijateljstva in medsebojnih odnosov.<\/p>\n","protected":false},"featured_media":11810,"comment_status":"open","ping_status":"closed","template":"","meta":[],"_links":{"self":[{"href":"https:\/\/kammeleon.si\/index.php?rest_route=\/wp\/v2\/product\/11807"}],"collection":[{"href":"https:\/\/kammeleon.si\/index.php?rest_route=\/wp\/v2\/product"}],"about":[{"href":"https:\/\/kammeleon.si\/index.php?rest_route=\/wp\/v2\/types\/product"}],"replies":[{"embeddable":true,"href":"https:\/\/kammeleon.si\/index.php?rest_route=%2Fwp%2Fv2%2Fcomments&post=11807"}],"wp:featuredmedia":[{"embeddable":true,"href":"https:\/\/kammeleon.si\/index.php?rest_route=\/wp\/v2\/media\/11810"}],"wp:attachment":[{"href":"https:\/\/kammeleon.si\/index.php?rest_route=%2Fwp%2Fv2%2Fmedia&parent=11807"}],"curies":[{"name":"wp","href":"https:\/\/api.w.org\/{rel}","templated":true}]}}