{"id":11783,"date":"2020-11-17T21:01:36","date_gmt":"2020-11-17T20:01:36","guid":{"rendered":"https:\/\/kammeleon.si\/?post_type=product&#038;p=11783"},"modified":"2020-11-21T15:28:34","modified_gmt":"2020-11-21T14:28:34","slug":"oglica-iz-lesa","status":"publish","type":"product","link":"https:\/\/kammeleon.si\/?product=oglica-iz-lesa","title":{"rendered":"Ogrlica RO\u017dA \u017dIVLJENJA, les"},"content":{"rendered":"<p>Ro\u017ea \u017eivljenja je geometrijska figura, sestavljena iz ve\u010d krogov. Simbol ro\u017ee \u017eivljenja predstavlja popolnost, neskon\u010dnosti in povezanost. Mo\u010d simbola je v tem, da oddaja \u010disto \u017eivljenjsko energijo. Uporablja se kot energijsko zdravilen talisman.<\/p>\n<p>Velikost 4.5 x 4.5 cm<\/p>\n","protected":false},"excerpt":{"rendered":"<p>Obesek iz lesa, narejeno v Sloveniji.<\/p>\n","protected":false},"featured_media":11789,"comment_status":"open","ping_status":"closed","template":"","meta":[],"_links":{"self":[{"href":"https:\/\/kammeleon.si\/index.php?rest_route=\/wp\/v2\/product\/11783"}],"collection":[{"href":"https:\/\/kammeleon.si\/index.php?rest_route=\/wp\/v2\/product"}],"about":[{"href":"https:\/\/kammeleon.si\/index.php?rest_route=\/wp\/v2\/types\/product"}],"replies":[{"embeddable":true,"href":"https:\/\/kammeleon.si\/index.php?rest_route=%2Fwp%2Fv2%2Fcomments&post=11783"}],"wp:featuredmedia":[{"embeddable":true,"href":"https:\/\/kammeleon.si\/index.php?rest_route=\/wp\/v2\/media\/11789"}],"wp:attachment":[{"href":"https:\/\/kammeleon.si\/index.php?rest_route=%2Fwp%2Fv2%2Fmedia&parent=11783"}],"curies":[{"name":"wp","href":"https:\/\/api.w.org\/{rel}","templated":true}]}}