{"id":11782,"date":"2020-11-17T21:01:25","date_gmt":"2020-11-17T20:01:25","guid":{"rendered":"https:\/\/kammeleon.si\/?post_type=product&#038;p=11782"},"modified":"2021-10-15T10:55:55","modified_gmt":"2021-10-15T08:55:55","slug":"oglica-iz-poldragega-kamna-5","status":"publish","type":"product","link":"https:\/\/kammeleon.si\/?product=oglica-iz-poldragega-kamna-5","title":{"rendered":"Ogrlica ma\u010dek LAPIS LAZULI"},"content":{"rendered":"<p><strong>Lapis lazuli<\/strong> prina\u0161a modrost, po\u0161tenost, so\u010dutje in odprtost za resnico. Spodbuja koncentracijo, pomaga pri neodl\u010dnosti in odprtosti za spremembe.<\/p>\n<p>Daje pogum, prina\u0161a dobro voljo, toplino in ugodje. Pomaga nam graditi samozavest.<\/p>\n<p><strong>Ma\u010dek<\/strong> je simbol potrpe\u017eljivosti, neodvisnosti, radovednosti in poguma.<\/p>\n<p>Velikost obeska: 4cm<\/p>\n<p><strong>Slika je simboli\u010dna, saj gre za naraven, unikaten kamen, ki se lahko med seboj razlikuje po barvi.<\/strong><\/p>\n","protected":false},"excerpt":{"rendered":"<p>Lapis lazuli imenujemo &#8220;dragulj radosti&#8221;, ker poglablja ljubezen in prijateljstvo.<\/p>\n","protected":false},"featured_media":11788,"comment_status":"open","ping_status":"closed","template":"","meta":[],"_links":{"self":[{"href":"https:\/\/kammeleon.si\/index.php?rest_route=\/wp\/v2\/product\/11782"}],"collection":[{"href":"https:\/\/kammeleon.si\/index.php?rest_route=\/wp\/v2\/product"}],"about":[{"href":"https:\/\/kammeleon.si\/index.php?rest_route=\/wp\/v2\/types\/product"}],"replies":[{"embeddable":true,"href":"https:\/\/kammeleon.si\/index.php?rest_route=%2Fwp%2Fv2%2Fcomments&post=11782"}],"wp:featuredmedia":[{"embeddable":true,"href":"https:\/\/kammeleon.si\/index.php?rest_route=\/wp\/v2\/media\/11788"}],"wp:attachment":[{"href":"https:\/\/kammeleon.si\/index.php?rest_route=%2Fwp%2Fv2%2Fmedia&parent=11782"}],"curies":[{"name":"wp","href":"https:\/\/api.w.org\/{rel}","templated":true}]}}