{"id":11781,"date":"2020-11-17T21:01:22","date_gmt":"2020-11-17T20:01:22","guid":{"rendered":"https:\/\/kammeleon.si\/?post_type=product&#038;p=11781"},"modified":"2020-11-26T20:51:08","modified_gmt":"2020-11-26T19:51:08","slug":"oglica-iz-poldragega-kamna-4","status":"publish","type":"product","link":"https:\/\/kammeleon.si\/?product=oglica-iz-poldragega-kamna-4","title":{"rendered":"Ogrlica ma\u010dek AMETIST"},"content":{"rendered":"<p><strong>Ametist<\/strong> nam pomaga dose\u010di notranji mir.<\/p>\n<p>Ametist se tradicionalno uporablja kot za\u0161\u010ditni kamen. Velja za kamen popotnikov. Energije ametista najmo\u010dneje delujejo, \u010de ga nosimo na podro\u010dju grla. Pomaga nam opraviti z na\u0161im strahom. Odpira tretje oko.<\/p>\n<p>Je kristal izrednih duhovnih vibracij.<\/p>\n<p><strong>Ma\u010dek<\/strong> je simbol potrpe\u017eljivosti, neodvisnosti, radovednosti in poguma.<\/p>\n<p>Velikost obeska: 4cm<\/p>\n<p><strong>Slika je simboli\u010dna, saj gre za naraven, unikaten kamen, ki se lahko med seboj razlikuje po barvi.<\/strong><\/p>\n","protected":false},"excerpt":{"rendered":"<p>Ametist preganja slabe misli in prina\u0161a dobro razpolo\u017eenje.<\/p>\n","protected":false},"featured_media":11787,"comment_status":"open","ping_status":"closed","template":"","meta":[],"_links":{"self":[{"href":"https:\/\/kammeleon.si\/index.php?rest_route=\/wp\/v2\/product\/11781"}],"collection":[{"href":"https:\/\/kammeleon.si\/index.php?rest_route=\/wp\/v2\/product"}],"about":[{"href":"https:\/\/kammeleon.si\/index.php?rest_route=\/wp\/v2\/types\/product"}],"replies":[{"embeddable":true,"href":"https:\/\/kammeleon.si\/index.php?rest_route=%2Fwp%2Fv2%2Fcomments&post=11781"}],"wp:featuredmedia":[{"embeddable":true,"href":"https:\/\/kammeleon.si\/index.php?rest_route=\/wp\/v2\/media\/11787"}],"wp:attachment":[{"href":"https:\/\/kammeleon.si\/index.php?rest_route=%2Fwp%2Fv2%2Fmedia&parent=11781"}],"curies":[{"name":"wp","href":"https:\/\/api.w.org\/{rel}","templated":true}]}}