{"id":11589,"date":"2020-11-05T13:17:16","date_gmt":"2020-11-05T13:17:16","guid":{"rendered":"http:\/\/kammeleon.si\/?post_type=product&#038;p=11589"},"modified":"2020-11-05T19:04:51","modified_gmt":"2020-11-05T19:04:51","slug":"ogrlica-ime-kamna-8","status":"publish","type":"product","link":"https:\/\/kammeleon.si\/?product=ogrlica-ime-kamna-8","title":{"rendered":"Ogrlica OKAMENELI LES"},"content":{"rendered":"<p>Okameneli les je fosiliziran ostanek lesa.<\/p>\n<p>Uporabljamo ga za za\u0161\u010dito.Pomaga nam ozavestiti in spremeniti negativne miselne in \u010dustvene vzorce.prizemlji nas ter stabilizira.<\/p>\n<p>U\u010di nas potrpe\u017eljivosti.<\/p>\n<p><strong>Slika je simboli\u010dna, saj gre za naravne kamne, ki se lahko med seboj razlikujejo po barvi in obliki.<\/strong><\/p>\n","protected":false},"excerpt":{"rendered":"<p>Okameneli les uporabljamo za za\u0161\u010dito.Prizemlji nas, stabilizira ter prina\u0161a sposobnost spreminjanja.<\/p>\n","protected":false},"featured_media":11599,"comment_status":"open","ping_status":"closed","template":"","meta":[],"_links":{"self":[{"href":"https:\/\/kammeleon.si\/index.php?rest_route=\/wp\/v2\/product\/11589"}],"collection":[{"href":"https:\/\/kammeleon.si\/index.php?rest_route=\/wp\/v2\/product"}],"about":[{"href":"https:\/\/kammeleon.si\/index.php?rest_route=\/wp\/v2\/types\/product"}],"replies":[{"embeddable":true,"href":"https:\/\/kammeleon.si\/index.php?rest_route=%2Fwp%2Fv2%2Fcomments&post=11589"}],"wp:featuredmedia":[{"embeddable":true,"href":"https:\/\/kammeleon.si\/index.php?rest_route=\/wp\/v2\/media\/11599"}],"wp:attachment":[{"href":"https:\/\/kammeleon.si\/index.php?rest_route=%2Fwp%2Fv2%2Fmedia&parent=11589"}],"curies":[{"name":"wp","href":"https:\/\/api.w.org\/{rel}","templated":true}]}}