{"id":11583,"date":"2020-11-05T13:16:09","date_gmt":"2020-11-05T13:16:09","guid":{"rendered":"http:\/\/kammeleon.si\/?post_type=product&#038;p=11583"},"modified":"2020-12-07T17:32:02","modified_gmt":"2020-12-07T16:32:02","slug":"ogrlica-ime-kamna-3","status":"publish","type":"product","link":"https:\/\/kammeleon.si\/?product=ogrlica-ime-kamna-3","title":{"rendered":"Ogrlica srce AHAT 2"},"content":{"rendered":"<p>Ahat spodbuja notranjo mo\u010d in stabilnost. Prina\u0161a zrelost in samozavest ter krepi odlo\u010dnost. Ugodno naj bi vplival na \u017eenske po porodu in celo prepre\u010deval poporodno depresijo. \u017de od nekdaj je ahat kristal svetovnih popotnikov, saj prina\u0161a sre\u010do. Imamo ga lahko tudi v avtomobilu, saj deluje kot talisman proti prometnim nesre\u010dam. Je zelo primeren za tiste, ki \u017eelite okrepiti svojo samozavest in izbolj\u0161ati mnenje o sebi. Zelo ugodno vpliva tudi na po\u010dutje srca in odganja ne\u010dimrnost ter splo\u0161no \u017ealost.<\/p>\n<p><strong>Slika je simboli\u010dna, saj gre za naravne kamne, ki se lahko med seboj razlikujejo po barvi in obliki.<\/strong><\/p>\n","protected":false},"excerpt":{"rendered":"<p>Po starih izro\u010dilih ahat prina\u0161a zdravje in dolgo \u017eivljenje.<\/p>\n","protected":false},"featured_media":11593,"comment_status":"open","ping_status":"closed","template":"","meta":[],"_links":{"self":[{"href":"https:\/\/kammeleon.si\/index.php?rest_route=\/wp\/v2\/product\/11583"}],"collection":[{"href":"https:\/\/kammeleon.si\/index.php?rest_route=\/wp\/v2\/product"}],"about":[{"href":"https:\/\/kammeleon.si\/index.php?rest_route=\/wp\/v2\/types\/product"}],"replies":[{"embeddable":true,"href":"https:\/\/kammeleon.si\/index.php?rest_route=%2Fwp%2Fv2%2Fcomments&post=11583"}],"wp:featuredmedia":[{"embeddable":true,"href":"https:\/\/kammeleon.si\/index.php?rest_route=\/wp\/v2\/media\/11593"}],"wp:attachment":[{"href":"https:\/\/kammeleon.si\/index.php?rest_route=%2Fwp%2Fv2%2Fmedia&parent=11583"}],"curies":[{"name":"wp","href":"https:\/\/api.w.org\/{rel}","templated":true}]}}