{"id":11264,"date":"2020-11-02T19:41:15","date_gmt":"2020-11-02T19:41:15","guid":{"rendered":"http:\/\/kammeleon.si\/?post_type=product&#038;p=11264"},"modified":"2020-11-05T21:05:15","modified_gmt":"2020-11-05T21:05:15","slug":"beli-zajbelj-in-sveti-les-komplet","status":"publish","type":"product","link":"https:\/\/kammeleon.si\/?product=beli-zajbelj-in-sveti-les-komplet","title":{"rendered":"BELI \u017dAJBELJ in SVETI LES komplet"},"content":{"rendered":"<p>Beli \u017eajbelj je mo\u010dni \u010distilec prostorov. Raste vzdol\u017e Kalifornijskega obalnega gorovja in je eno najmo\u010dnej\u0161ih zeli\u0161\u010d z bogato aromo in mo\u010dnim pre\u010di\u0161\u010devalnim u\u010dinkom. Odpira sr\u010dno \u010dakro in odstranjuje te\u017eke energije. \u017dajbelj \u010disti um in du\u0161o.<\/p>\n<p>Palo santo je spiritualni pripomo\u010dek za zdravljenje, \u010di\u0161\u010denje in o\u010di\u0161\u010denje, kot tudi za odganjanje zli duhov ali nesre\u010de. Ostrani slabe energije, dvigne duha in prinese sre\u010do. Prav tako odganja mr\u010des in zdravi glavobol.<\/p>\n<p>Najprej z belim \u017eajbljem prostor o\u010distimo, potem prostor s svetim lesom energijsko napolnimo.<\/p>\n","protected":false},"excerpt":{"rendered":"<p>Indijansko kadilo beli \u017eajbelj je mo\u010dni \u010distilec prostorov, uravnove\u0161a in odpira pot sve\u017ei energiji. Sveti les prostor napolni s pozitivno energijo.<\/p>\n","protected":false},"featured_media":11268,"comment_status":"open","ping_status":"closed","template":"","meta":[],"_links":{"self":[{"href":"https:\/\/kammeleon.si\/index.php?rest_route=\/wp\/v2\/product\/11264"}],"collection":[{"href":"https:\/\/kammeleon.si\/index.php?rest_route=\/wp\/v2\/product"}],"about":[{"href":"https:\/\/kammeleon.si\/index.php?rest_route=\/wp\/v2\/types\/product"}],"replies":[{"embeddable":true,"href":"https:\/\/kammeleon.si\/index.php?rest_route=%2Fwp%2Fv2%2Fcomments&post=11264"}],"wp:featuredmedia":[{"embeddable":true,"href":"https:\/\/kammeleon.si\/index.php?rest_route=\/wp\/v2\/media\/11268"}],"wp:attachment":[{"href":"https:\/\/kammeleon.si\/index.php?rest_route=%2Fwp%2Fv2%2Fmedia&parent=11264"}],"curies":[{"name":"wp","href":"https:\/\/api.w.org\/{rel}","templated":true}]}}