{"id":11241,"date":"2020-11-02T19:20:24","date_gmt":"2020-11-02T19:20:24","guid":{"rendered":"http:\/\/kammeleon.si\/?post_type=product&#038;p=11241"},"modified":"2020-12-07T17:40:30","modified_gmt":"2020-12-07T16:40:30","slug":"ogrlica-ahat-4","status":"publish","type":"product","link":"https:\/\/kammeleon.si\/?product=ogrlica-ahat-4","title":{"rendered":"Ogrlica AHAT 8"},"content":{"rendered":"<p>AHAT: Poimenovan je po reki na Siciliji, kjer so ga prvi\u010d odkrili. Kristal, ki se obi\u010dajno nalaga v plasteh, najdemo v izjemno \u0161irokem spektru barv, zato ahatu nekateri re\u010dejo kar mavri\u010dni kristal. Ahat je tesno povezan z zgodovino \u010dloveka, njegova uporaba namre\u010d sega dale\u010d v Babilon. Njegova uporaba v zdravstvene namene pa se je pojavila v Egiptu in stari Gr\u010diji ter raz\u0161irila vse do Azije. Ahat naj bi imel ni\u017ejo frekvenco oddajanja vibracij, zato njegova energija stabilizira, prizemljuje in krepi od znotraj. Odli\u010den je za uravnove\u0161enje \u010dustev, ugodno vpliva na fizi\u010dno telo ter na miselne sposobnosti, tistega, ki ga nosi. Usklajuje Ying in Yang energijo ter prina\u0161a mir in harmonijo. Ustvarja ravnovesje med pozitivnostjo in negativnostjo. Obstaja ve\u010d tiso\u010d tipov ahata, ki jih najdemo \u0161irom celega sveta.<\/p>\n<p>Glavne zna\u010dilnosti:<\/p>\n<ul>\n<li>prizemljuje,<\/li>\n<li>\u010disti auro,<\/li>\n<li>pove\u010duje zavest,<\/li>\n<li>ustvarja ravnovesje,<\/li>\n<li>krepi notranjo mo\u010d in stabilnost,<\/li>\n<li>krepi samozavest,<\/li>\n<li>krepi odlo\u010dnost,<\/li>\n<li>je kristal popotnikov.<\/li>\n<\/ul>\n<p>Ahat spodbuja notranjo mo\u010d in stabilnost. Prina\u0161a zrelost in samozavest ter krepi odlo\u010dnost. Ugodno naj bi vplival na \u017eenske po porodu in celo prepre\u010deval poporodno depresijo. \u017de od nekdaj je ahat kristal svetovnih popotnikov, saj prina\u0161a sre\u010do. Imamo ga lahko tudi v avtomobilu, saj deluje kot talisman proti prometnim nesre\u010dam. Je zelo primeren za tiste, ki \u017eelite okrepiti svojo samozavest in izbolj\u0161ati mnenje o sebi. Zelo ugodno vpliva tudi na po\u010dutje srca in odganja ne\u010dimrnost ter splo\u0161no \u017ealost.<\/p>\n<p>Ahat deluje tako, da vas celostno okrepi od znotraj, da boste la\u017eje sprejemali odlo\u010ditve, se znali postaviti zase in se po\u010dutili mo\u010dnej\u0161e in stabilnej\u0161e, zato boste la\u017eje dosegli svoje sanje. Pomaga lo\u010diti \u017eelje od potreb, odganja razna hrepenenja po stvareh, ki jih ne potrebujete. Odli\u010den je za spodbuditev inspiracije za pisanje, slikanje in vse vrste ustvarjanja. Je odli\u010dno darilo umetniku ali pa za prijatelja, ki tarna, da mu manjka navdiha za ustvarjanje. Predvsem je primeren za izbolj\u0161anje splo\u0161nega vsakodnevnega po\u010dutja. \u010ce \u010dutite, da vam primanjkuje energije in mo\u010di, postavite ahat v prostor, kjer pre\u017eivite najve\u010d \u010dasa. \u010ce niste prepri\u010dani, kateri ahat je pravi za vas, izberite barvo glede na \u010dakro, ki jo \u017eelite okrepiti. Na\u010deloma kristali pripadajo tisti \u010dakri, ki se barvno ujema s kristalom. Kristali so odli\u010dni za pomo\u010d pri odpravljanju blokad na \u010dakrah in pri meditacijah za doseganje vi\u0161jih stanj zavesti.<\/p>\n<p><strong>Ker gre za naraven kamen so mo\u017ena manj\u0161a odstopanja v barvi in obliki.<\/strong><\/p>\n","protected":false},"excerpt":{"rendered":"<p>Po starih izro\u010dilih ahat prina\u0161a zdravje in dolgo \u017eivljenje.<\/p>\n<p>Velikost 3x6cm<\/p>\n","protected":false},"featured_media":11245,"comment_status":"open","ping_status":"closed","template":"","meta":[],"_links":{"self":[{"href":"https:\/\/kammeleon.si\/index.php?rest_route=\/wp\/v2\/product\/11241"}],"collection":[{"href":"https:\/\/kammeleon.si\/index.php?rest_route=\/wp\/v2\/product"}],"about":[{"href":"https:\/\/kammeleon.si\/index.php?rest_route=\/wp\/v2\/types\/product"}],"replies":[{"embeddable":true,"href":"https:\/\/kammeleon.si\/index.php?rest_route=%2Fwp%2Fv2%2Fcomments&post=11241"}],"wp:featuredmedia":[{"embeddable":true,"href":"https:\/\/kammeleon.si\/index.php?rest_route=\/wp\/v2\/media\/11245"}],"wp:attachment":[{"href":"https:\/\/kammeleon.si\/index.php?rest_route=%2Fwp%2Fv2%2Fmedia&parent=11241"}],"curies":[{"name":"wp","href":"https:\/\/api.w.org\/{rel}","templated":true}]}}