{"id":11214,"date":"2020-11-02T18:30:54","date_gmt":"2020-11-02T17:30:54","guid":{"rendered":"http:\/\/kammeleon.si\/?post_type=product&#038;p=11214"},"modified":"2023-04-07T11:54:15","modified_gmt":"2023-04-07T09:54:15","slug":"ogrlica-iz-jantarja-za-dojencke","status":"publish","type":"product","link":"https:\/\/kammeleon.si\/?product=ogrlica-iz-jantarja-za-dojencke","title":{"rendered":"JANTAR ogrlica za dojen\u010dke"},"content":{"rendered":"<p><b>Jantar<\/b> je fosilizirana smola. Smola iz dreves se na zraku strdi in s\u010dasoma fosilizira. Starost jantarja je lahko do 260 milijonov let. Taki ko\u0161\u010dki jantarja so danes izredno dragoceni in cenjeni. Kot zdravilni kamen in amulet ga uporabljajo \u017ee vsaj 7000 let. Simbolizira sonce in duhovno povezanost.<\/p>\n<p>Kristal\u010dki so okroglaste,nepravilne oblike, brez ostrih povr\u0161in.Med posameznimi kristal\u010dki je vozel, tako da se v primeru, \u010de se veri\u017eica raztrga, le-ti ne razletijo po prostoru.<\/p>\n<p><strong>Jantar<\/strong> je naravno sredstvo proti bole\u010dinam. Na\u0161a telesna toplota spro\u017ei odvajanje njegovega olja, ki pomaga otrokom spro\u0161\u010danje med rastjo mle\u010dnih zob. V ta namen so ga uporabljali \u017ee ve\u010d desetletij v Evropi. <span style=\"font-size: 1rem;\">Jantar je poznan po svojih blagodejnih u\u010dinkih zato se vedno ve\u010d star\u0161ev odlo\u010da za uporabo. Jantarjeva ogrlica ali zapestnica se uporablja pri otrocih, saj blagodejno vpliva na po\u010dutje ob izra\u0161\u010danju zobkov &#8230;<\/span><\/p>\n","protected":false},"excerpt":{"rendered":"<p>JANTAR simbolizira sonce in duhovno povezanost.<\/p>\n<p>Ogrlica je narejena iz baltskega\u00a0 jantarja, pribli\u017eno 33cm dolga.<\/p>\n","protected":false},"featured_media":11215,"comment_status":"open","ping_status":"closed","template":"","meta":[],"_links":{"self":[{"href":"https:\/\/kammeleon.si\/index.php?rest_route=\/wp\/v2\/product\/11214"}],"collection":[{"href":"https:\/\/kammeleon.si\/index.php?rest_route=\/wp\/v2\/product"}],"about":[{"href":"https:\/\/kammeleon.si\/index.php?rest_route=\/wp\/v2\/types\/product"}],"replies":[{"embeddable":true,"href":"https:\/\/kammeleon.si\/index.php?rest_route=%2Fwp%2Fv2%2Fcomments&post=11214"}],"wp:featuredmedia":[{"embeddable":true,"href":"https:\/\/kammeleon.si\/index.php?rest_route=\/wp\/v2\/media\/11215"}],"wp:attachment":[{"href":"https:\/\/kammeleon.si\/index.php?rest_route=%2Fwp%2Fv2%2Fmedia&parent=11214"}],"curies":[{"name":"wp","href":"https:\/\/api.w.org\/{rel}","templated":true}]}}