{"id":11206,"date":"2020-11-02T18:31:11","date_gmt":"2020-11-02T17:31:11","guid":{"rendered":"http:\/\/kammeleon.si\/?post_type=product&#038;p=11206"},"modified":"2023-03-21T13:36:19","modified_gmt":"2023-03-21T12:36:19","slug":"verizica-iz-jantarja","status":"publish","type":"product","link":"https:\/\/kammeleon.si\/?product=verizica-iz-jantarja","title":{"rendered":"Ogrlica JANTAR"},"content":{"rendered":"<p><b>Jantar<\/b> je fosilizirana smola. Smola iz dreves se na zraku strdi in s\u010dasoma fosilizira. Starost jantarja je lahko do 260 milijonov let. Taki ko\u0161\u010dki jantarja so danes izredno dragoceni in cenjeni. Kot zdravilni kamen in amulet ga uporabljajo \u017ee vsaj 7000 let.V preteklosti so ga uporabljali za laj\u0161anje glavobolov, bolezni grla, u\u0161es in o\u010di. Znan je po tem, da krepi imunski sistem, laj\u0161a bole\u010dine in pospe\u0161i celjenje ran.<\/p>\n<p>Simbolizira sonce in duhovno povezanost.<\/p>\n","protected":false},"excerpt":{"rendered":"<p>JANTAR simbolizira sonce in duhovno povezanost.<\/p>\n<p>&nbsp;<\/p>\n","protected":false},"featured_media":12297,"comment_status":"open","ping_status":"closed","template":"","meta":[],"_links":{"self":[{"href":"https:\/\/kammeleon.si\/index.php?rest_route=\/wp\/v2\/product\/11206"}],"collection":[{"href":"https:\/\/kammeleon.si\/index.php?rest_route=\/wp\/v2\/product"}],"about":[{"href":"https:\/\/kammeleon.si\/index.php?rest_route=\/wp\/v2\/types\/product"}],"replies":[{"embeddable":true,"href":"https:\/\/kammeleon.si\/index.php?rest_route=%2Fwp%2Fv2%2Fcomments&post=11206"}],"wp:featuredmedia":[{"embeddable":true,"href":"https:\/\/kammeleon.si\/index.php?rest_route=\/wp\/v2\/media\/12297"}],"wp:attachment":[{"href":"https:\/\/kammeleon.si\/index.php?rest_route=%2Fwp%2Fv2%2Fmedia&parent=11206"}],"curies":[{"name":"wp","href":"https:\/\/api.w.org\/{rel}","templated":true}]}}