{"id":11146,"date":"2020-10-29T10:44:28","date_gmt":"2020-10-29T09:44:28","guid":{"rendered":"http:\/\/kammeleon.si\/?post_type=product&#038;p=11146"},"modified":"2024-02-05T14:52:41","modified_gmt":"2024-02-05T13:52:41","slug":"angel-upanje-2","status":"publish","type":"product","link":"https:\/\/kammeleon.si\/?product=angel-upanje-2","title":{"rendered":"Angel UPANJE"},"content":{"rendered":"<p>Angeli in nadangeli so \u010dudovita bitja svetlobe, ki nam ljube\u010de pomagajo pri izpolnjevanju \u017eivljenjskega namena in poslanstva. Angele si ljudje predstavljamo na razli\u010dne na\u010dine. V umetnosti so recimo upodobljeni s krili in svetlobo okrog glave, v resnici pa so angeli svetloba.<\/p>\n","protected":false},"excerpt":{"rendered":"<p>Kip angela iz porcelana UPANJE v beli barvi.<\/p>\n<p>Vi\u0161ina 10 cm.<\/p>\n","protected":false},"featured_media":11143,"comment_status":"open","ping_status":"closed","template":"","meta":[],"_links":{"self":[{"href":"https:\/\/kammeleon.si\/index.php?rest_route=\/wp\/v2\/product\/11146"}],"collection":[{"href":"https:\/\/kammeleon.si\/index.php?rest_route=\/wp\/v2\/product"}],"about":[{"href":"https:\/\/kammeleon.si\/index.php?rest_route=\/wp\/v2\/types\/product"}],"replies":[{"embeddable":true,"href":"https:\/\/kammeleon.si\/index.php?rest_route=%2Fwp%2Fv2%2Fcomments&post=11146"}],"wp:featuredmedia":[{"embeddable":true,"href":"https:\/\/kammeleon.si\/index.php?rest_route=\/wp\/v2\/media\/11143"}],"wp:attachment":[{"href":"https:\/\/kammeleon.si\/index.php?rest_route=%2Fwp%2Fv2%2Fmedia&parent=11146"}],"curies":[{"name":"wp","href":"https:\/\/api.w.org\/{rel}","templated":true}]}}