{"id":11115,"date":"2020-10-29T08:45:14","date_gmt":"2020-10-29T07:45:14","guid":{"rendered":"http:\/\/kammeleon.si\/?post_type=product&#038;p=11115"},"modified":"2025-04-01T13:57:23","modified_gmt":"2025-04-01T11:57:23","slug":"angel-sanje","status":"publish","type":"product","link":"https:\/\/kammeleon.si\/?product=angel-sanje","title":{"rendered":"Angel SANJE"},"content":{"rendered":"<p>Angeli in nadangeli so \u010dudovita bitja svetlobe, ki nam ljube\u010de pomagajo pri izpolnjevanju \u017eivljenjskega namena in poslanstva. Angele si ljudje predstavljamo na razli\u010dne na\u010dine. V umetnosti so recimo upodobljeni s krili in svetlobo okrog glave, v resnici pa so angeli svetloba.<\/p>\n","protected":false},"excerpt":{"rendered":"<p>Kipec angela iz porcelana SANJE v beli barvi.<\/p>\n<p>Vi\u0161ina 10 cm.<\/p>\n","protected":false},"featured_media":11120,"comment_status":"open","ping_status":"closed","template":"","meta":[],"_links":{"self":[{"href":"https:\/\/kammeleon.si\/index.php?rest_route=\/wp\/v2\/product\/11115"}],"collection":[{"href":"https:\/\/kammeleon.si\/index.php?rest_route=\/wp\/v2\/product"}],"about":[{"href":"https:\/\/kammeleon.si\/index.php?rest_route=\/wp\/v2\/types\/product"}],"replies":[{"embeddable":true,"href":"https:\/\/kammeleon.si\/index.php?rest_route=%2Fwp%2Fv2%2Fcomments&post=11115"}],"wp:featuredmedia":[{"embeddable":true,"href":"https:\/\/kammeleon.si\/index.php?rest_route=\/wp\/v2\/media\/11120"}],"wp:attachment":[{"href":"https:\/\/kammeleon.si\/index.php?rest_route=%2Fwp%2Fv2%2Fmedia&parent=11115"}],"curies":[{"name":"wp","href":"https:\/\/api.w.org\/{rel}","templated":true}]}}