{"id":11036,"date":"2020-10-28T14:33:41","date_gmt":"2020-10-28T13:33:41","guid":{"rendered":"http:\/\/kammeleon.si\/?post_type=product&#038;p=11036"},"modified":"2025-04-01T13:58:36","modified_gmt":"2025-04-01T11:58:36","slug":"verizica-drevo-zivljenja-akvamarin","status":"publish","type":"product","link":"https:\/\/kammeleon.si\/?product=verizica-drevo-zivljenja-akvamarin","title":{"rendered":"Ogrlica DREVO \u017dIVLJENJA OPALIT"},"content":{"rendered":"<p>Drevo \u017eivljenja predstavlja ponovno rojstvo, rast in dru\u017eino. Kot veje na drevesu, skozi celotno \u017eivljenjsko pot rastemo v razli\u010dne smeri, nikoli pa ne smemo pozabiti na na\u0161e korenine. Drevo je simbol \u017eivljenja, ki se nenehno spreminja. Vsi smo povezani med seboj preko srca, vsi smo ena ljubezen. Drevo \u017eivljenja simbolizira ljubezen, svetlobo in \u017eivljenje.<\/p>\n<p>OPALIT je kozmi\u010dni kristal, ki bo uravnovesil va\u0161e energije.Je prava izbira za vse, ki \u017eelijo pove\u010dati svojo osebno mo\u010d. Pove\u010dal bo samozavest, izbolj\u0161a govorne sposobnosti, spodbuja vizije..<\/p>\n","protected":false},"excerpt":{"rendered":"<p>Veri\u017eica iz poldragih kamnov vas bo vsakodnevno spremljala ter dvigovala va\u0161o vibracijo, zavest in energijo. Veri\u017eico krasijo poldragi kamni opalit.<\/p>\n<p>&nbsp;<\/p>\n","protected":false},"featured_media":11672,"comment_status":"open","ping_status":"closed","template":"","meta":[],"_links":{"self":[{"href":"https:\/\/kammeleon.si\/index.php?rest_route=\/wp\/v2\/product\/11036"}],"collection":[{"href":"https:\/\/kammeleon.si\/index.php?rest_route=\/wp\/v2\/product"}],"about":[{"href":"https:\/\/kammeleon.si\/index.php?rest_route=\/wp\/v2\/types\/product"}],"replies":[{"embeddable":true,"href":"https:\/\/kammeleon.si\/index.php?rest_route=%2Fwp%2Fv2%2Fcomments&post=11036"}],"wp:featuredmedia":[{"embeddable":true,"href":"https:\/\/kammeleon.si\/index.php?rest_route=\/wp\/v2\/media\/11672"}],"wp:attachment":[{"href":"https:\/\/kammeleon.si\/index.php?rest_route=%2Fwp%2Fv2%2Fmedia&parent=11036"}],"curies":[{"name":"wp","href":"https:\/\/api.w.org\/{rel}","templated":true}]}}