{"id":10877,"date":"2020-10-27T12:12:52","date_gmt":"2020-10-27T11:12:52","guid":{"rendered":"http:\/\/kammeleon.si\/?post_type=product&#038;p=10877"},"modified":"2022-11-17T16:40:03","modified_gmt":"2022-11-17T15:40:03","slug":"beli-zajbelj-s-sivko","status":"publish","type":"product","link":"https:\/\/kammeleon.si\/?product=beli-zajbelj-s-sivko","title":{"rendered":"BELI \u017dAJBELJ S SIVKO 10cm"},"content":{"rendered":"<p>Indijansko kadilo beli \u017eajbelj je mo\u010dni \u010distilec prostorov. Raste vzdol\u017e Kalifornijskega obalnega gorovja in je eno najmo\u010dnej\u0161ih zeli\u0161\u010d z bogato aromo in mo\u010dnim pre\u010di\u0161\u010devalnim u\u010dinkom. Odpira sr\u010dno \u010dakro in odstranjuje te\u017eke energije. \u017dajbelj \u010disti um in du\u0161o.<\/p>\n<p>Zaradi svojega \u0161irokega spektra koristnih u\u010dinkov med avtohtonimi Ameri\u010dani (Indijanci) \u017ee od nekdaj velja za svetega.S pri\u017eiganjem pre\u010distimo um, telo in duha.Iz starih kultur izhaja prepri\u010danje, da v prostor, kjer se uporablja \u017eajbelj, slabe sile ne morejo vstopiti.<\/p>\n<p>Sivka povrne \u010dustveno ravnovesje, \u010disti in ustvari mirno, harmoni\u010dno vzdu\u0161je. Sivka privla\u010di tudi ljube\u010do energijo in angelska bitja.<\/p>\n<p>&nbsp;<\/p>\n","protected":false},"excerpt":{"rendered":"<p>Indijansko kadilo beli \u017eajbelj ima zelo mo\u010dan pre\u010di\u0161\u010devalni u\u010dinek na \u017eiva bitja,prostor in stvari.<\/p>\n","protected":false},"featured_media":10878,"comment_status":"open","ping_status":"closed","template":"","meta":[],"_links":{"self":[{"href":"https:\/\/kammeleon.si\/index.php?rest_route=\/wp\/v2\/product\/10877"}],"collection":[{"href":"https:\/\/kammeleon.si\/index.php?rest_route=\/wp\/v2\/product"}],"about":[{"href":"https:\/\/kammeleon.si\/index.php?rest_route=\/wp\/v2\/types\/product"}],"replies":[{"embeddable":true,"href":"https:\/\/kammeleon.si\/index.php?rest_route=%2Fwp%2Fv2%2Fcomments&post=10877"}],"wp:featuredmedia":[{"embeddable":true,"href":"https:\/\/kammeleon.si\/index.php?rest_route=\/wp\/v2\/media\/10878"}],"wp:attachment":[{"href":"https:\/\/kammeleon.si\/index.php?rest_route=%2Fwp%2Fv2%2Fmedia&parent=10877"}],"curies":[{"name":"wp","href":"https:\/\/api.w.org\/{rel}","templated":true}]}}