{"id":10875,"date":"2020-10-27T12:11:48","date_gmt":"2020-10-27T11:11:48","guid":{"rendered":"http:\/\/kammeleon.si\/?post_type=product&#038;p=10875"},"modified":"2023-03-21T13:40:11","modified_gmt":"2023-03-21T12:40:11","slug":"beli-zajbelj","status":"publish","type":"product","link":"https:\/\/kammeleon.si\/?product=beli-zajbelj","title":{"rendered":"BELI \u017dAJBELJ 10cm"},"content":{"rendered":"<p>Beli \u017eajbelj je mo\u010dni \u010distilec prostorov. Raste vzdol\u017e Kalifornijskega obalnega gorovja in je eno najmo\u010dnej\u0161ih zeli\u0161\u010d z bogato aromo in mo\u010dnim pre\u010di\u0161\u010devalnim u\u010dinkom. Odpira sr\u010dno \u010dakro in odstranjuje te\u017eke energije. \u017dajbelj \u010disti um in du\u0161o.<\/p>\n<p>&nbsp;<\/p>\n","protected":false},"excerpt":{"rendered":"<p>Indijansko kadilo beli \u017eajbelj je mo\u010dni \u010distilec prostorov, uravnove\u0161a in odpira pot sve\u017ei energiji.<\/p>\n","protected":false},"featured_media":10876,"comment_status":"open","ping_status":"closed","template":"","meta":[],"_links":{"self":[{"href":"https:\/\/kammeleon.si\/index.php?rest_route=\/wp\/v2\/product\/10875"}],"collection":[{"href":"https:\/\/kammeleon.si\/index.php?rest_route=\/wp\/v2\/product"}],"about":[{"href":"https:\/\/kammeleon.si\/index.php?rest_route=\/wp\/v2\/types\/product"}],"replies":[{"embeddable":true,"href":"https:\/\/kammeleon.si\/index.php?rest_route=%2Fwp%2Fv2%2Fcomments&post=10875"}],"wp:featuredmedia":[{"embeddable":true,"href":"https:\/\/kammeleon.si\/index.php?rest_route=\/wp\/v2\/media\/10876"}],"wp:attachment":[{"href":"https:\/\/kammeleon.si\/index.php?rest_route=%2Fwp%2Fv2%2Fmedia&parent=10875"}],"curies":[{"name":"wp","href":"https:\/\/api.w.org\/{rel}","templated":true}]}}