{"id":10873,"date":"2020-10-27T12:09:06","date_gmt":"2020-10-27T11:09:06","guid":{"rendered":"http:\/\/kammeleon.si\/?post_type=product&#038;p=10873"},"modified":"2023-03-21T13:40:22","modified_gmt":"2023-03-21T12:40:22","slug":"lava-zapestnica-hamsa-2","status":"publish","type":"product","link":"https:\/\/kammeleon.si\/?product=lava-zapestnica-hamsa-2","title":{"rendered":"LAVA zapestnica Hamsa"},"content":{"rendered":"<p><strong>Lava<\/strong> je kamen mo\u010di in poguma.<\/p>\n<p>Pomaga pri utrujenosti, vitalnosti in depresiji.<\/p>\n<p>Zaradi svoje porozne strukture je precej vpojna, zato lahko zapestnico odi\u0161avimo z eteri\u010dnimi olji.<\/p>\n<p>Roka Fatime ali <strong>Hamsa<\/strong>\u00a0 vas bo \u0161\u010ditil pred negativnimi energijami in dejavniki, ki onemogo\u010dajo uspeh.<\/p>\n<p>Predstavlja blagoslov in sre\u010do. Je simbol svetosti in zdravja.<\/p>\n","protected":false},"excerpt":{"rendered":"<p>Zapestnica iz lave s simbolom Hamsa v srebrnem sijaju.<\/p>\n","protected":false},"featured_media":11166,"comment_status":"open","ping_status":"closed","template":"","meta":[],"_links":{"self":[{"href":"https:\/\/kammeleon.si\/index.php?rest_route=\/wp\/v2\/product\/10873"}],"collection":[{"href":"https:\/\/kammeleon.si\/index.php?rest_route=\/wp\/v2\/product"}],"about":[{"href":"https:\/\/kammeleon.si\/index.php?rest_route=\/wp\/v2\/types\/product"}],"replies":[{"embeddable":true,"href":"https:\/\/kammeleon.si\/index.php?rest_route=%2Fwp%2Fv2%2Fcomments&post=10873"}],"wp:featuredmedia":[{"embeddable":true,"href":"https:\/\/kammeleon.si\/index.php?rest_route=\/wp\/v2\/media\/11166"}],"wp:attachment":[{"href":"https:\/\/kammeleon.si\/index.php?rest_route=%2Fwp%2Fv2%2Fmedia&parent=10873"}],"curies":[{"name":"wp","href":"https:\/\/api.w.org\/{rel}","templated":true}]}}