{"id":10854,"date":"2020-10-27T10:52:52","date_gmt":"2020-10-27T10:52:52","guid":{"rendered":"http:\/\/kammeleon.si\/?post_type=product&#038;p=10854"},"modified":"2021-07-15T14:26:16","modified_gmt":"2021-07-15T12:26:16","slug":"cakra-zapestnica-iz-poldragih-kamnov","status":"publish","type":"product","link":"https:\/\/kammeleon.si\/?product=cakra-zapestnica-iz-poldragih-kamnov","title":{"rendered":"\u010cakra zapestnica iz poldragih kamnov"},"content":{"rendered":"<p>Poldragi kamni nam govorijo vsak svojo zgodbo. Izvirajo iz najrazli\u010dnej\u0161ih koncev na\u0161ega \u010dude\u017enega planeta in v sebi nosijo tiso\u010dletne skrivnosti in lastnosti.<\/p>\n<p>Sedem poldragih kamnov predstavlja sedem \u010daker na\u0161ega telesa (korenska, sakralna, popkovna, sr\u010dna, grlena, \u010delna,\u00a0 kronska).<\/p>\n","protected":false},"excerpt":{"rendered":"<p>\u010cakra zapestnica iz poldragih kamnov v sedmih barvah.<\/p>\n","protected":false},"featured_media":12306,"comment_status":"open","ping_status":"closed","template":"","meta":[],"_links":{"self":[{"href":"https:\/\/kammeleon.si\/index.php?rest_route=\/wp\/v2\/product\/10854"}],"collection":[{"href":"https:\/\/kammeleon.si\/index.php?rest_route=\/wp\/v2\/product"}],"about":[{"href":"https:\/\/kammeleon.si\/index.php?rest_route=\/wp\/v2\/types\/product"}],"replies":[{"embeddable":true,"href":"https:\/\/kammeleon.si\/index.php?rest_route=%2Fwp%2Fv2%2Fcomments&post=10854"}],"wp:featuredmedia":[{"embeddable":true,"href":"https:\/\/kammeleon.si\/index.php?rest_route=\/wp\/v2\/media\/12306"}],"wp:attachment":[{"href":"https:\/\/kammeleon.si\/index.php?rest_route=%2Fwp%2Fv2%2Fmedia&parent=10854"}],"curies":[{"name":"wp","href":"https:\/\/api.w.org\/{rel}","templated":true}]}}