{"id":10852,"date":"2020-10-27T10:49:22","date_gmt":"2020-10-27T09:49:22","guid":{"rendered":"http:\/\/kammeleon.si\/?post_type=product&#038;p=10852"},"modified":"2024-02-05T14:50:58","modified_gmt":"2024-02-05T13:50:58","slug":"cakra-kamni","status":"publish","type":"product","link":"https:\/\/kammeleon.si\/?product=cakra-kamni","title":{"rendered":"\u010cakra kamni"},"content":{"rendered":"<p><span style=\"vertical-align: inherit;\"><span style=\"vertical-align: inherit;\">Kristali pomagajo vzpostaviti ravnovesje in harmonijo na vseh ravnih energetskih sistemih, na fizi\u010dnem, \u010dustvenem in mentalnem nivoju.<\/span><\/span><\/p>\n<p><span style=\"vertical-align: inherit;\"><span style=\"vertical-align: inherit;\">Sedem poldragih kamnov predstavlja sedem \u010daker na\u0161ega telesa (korenska, sakralna, popkovna, sr\u010dna, grlena, \u010delna, kronska).<\/span><\/span><\/p>\n<p><span style=\"vertical-align: inherit;\"><span style=\"vertical-align: inherit;\">Set vsebuje sedem kristalov, po en kristal za vsako \u010dakro.<\/span><\/span><\/p>\n<p>&nbsp;<\/p>\n","protected":false},"excerpt":{"rendered":"<p><span style=\"vertical-align: inherit;\"><span style=\"vertical-align: inherit;\">Set kristalov za sedem \u010daker vsebuje po en kristal za vsako \u010dakro.<\/span><\/span><\/p>\n","protected":false},"featured_media":11959,"comment_status":"open","ping_status":"closed","template":"","meta":[],"_links":{"self":[{"href":"https:\/\/kammeleon.si\/index.php?rest_route=\/wp\/v2\/product\/10852"}],"collection":[{"href":"https:\/\/kammeleon.si\/index.php?rest_route=\/wp\/v2\/product"}],"about":[{"href":"https:\/\/kammeleon.si\/index.php?rest_route=\/wp\/v2\/types\/product"}],"replies":[{"embeddable":true,"href":"https:\/\/kammeleon.si\/index.php?rest_route=%2Fwp%2Fv2%2Fcomments&post=10852"}],"wp:featuredmedia":[{"embeddable":true,"href":"https:\/\/kammeleon.si\/index.php?rest_route=\/wp\/v2\/media\/11959"}],"wp:attachment":[{"href":"https:\/\/kammeleon.si\/index.php?rest_route=%2Fwp%2Fv2%2Fmedia&parent=10852"}],"curies":[{"name":"wp","href":"https:\/\/api.w.org\/{rel}","templated":true}]}}