{"id":6153,"date":"2020-02-17T03:10:32","date_gmt":"2020-02-17T02:10:32","guid":{"rendered":"http:\/\/192.168.1.94:88\/karo\/?page_id=6153"},"modified":"2020-11-27T10:04:29","modified_gmt":"2020-11-27T09:04:29","slug":"home-element","status":"publish","type":"page","link":"https:\/\/kammeleon.si\/","title":{"rendered":"Domov"},"content":{"rendered":"\t\t<div data-elementor-type=\"wp-page\" data-elementor-id=\"6153\" class=\"elementor elementor-6153\" data-elementor-settings=\"[]\">\n\t\t\t\t\t\t<div class=\"elementor-inner\">\n\t\t\t\t\t\t\t<div class=\"elementor-section-wrap\">\n\t\t\t\t\t\t\t<section class=\"elementor-section elementor-top-section elementor-element elementor-element-63e96ca elementor-section-stretched elementor-section-boxed elementor-section-height-default elementor-section-height-default selection-is-not-sticked\" data-id=\"63e96ca\" data-element_type=\"section\" data-settings=\"{&quot;stretch_section&quot;:&quot;section-stretched&quot;}\">\n\t\t\t\t\t\t<div class=\"elementor-container elementor-column-gap-default\">\n\t\t\t\t\t\t\t<div class=\"elementor-row\">\n\t\t\t\t\t<div class=\"elementor-column elementor-col-100 elementor-top-column elementor-element elementor-element-d59107d\" data-id=\"d59107d\" data-element_type=\"column\">\n\t\t\t<div class=\"elementor-column-wrap elementor-element-populated\">\n\t\t\t\t\t\t\t<div class=\"elementor-widget-wrap\">\n\t\t\t\t\t\t<div class=\"elementor-element elementor-element-30b42f0 elementor-widget elementor-widget-slider_revolution\" data-id=\"30b42f0\" data-element_type=\"widget\" data-widget_type=\"slider_revolution.default\">\n\t\t\t\t<div class=\"elementor-widget-container\">\n\t\t\t\r\n\t\t<div class=\"wp-block-themepunch-revslider\">\n\t\t\t<!-- START Home 1 REVOLUTION SLIDER 6.2.23 --><p class=\"rs-p-wp-fix\"><\/p>\n\t\t\t<rs-module-wrap id=\"rev_slider_29_1_wrapper\" data-source=\"gallery\" style=\"background:transparent;padding:0;margin:0px auto;margin-top:0;margin-bottom:0;\">\n\t\t\t\t<rs-module id=\"rev_slider_29_1\" class=\" rs-ov-hidden\" style=\"\" data-version=\"6.2.23\">\n\t\t\t\t\t<rs-slides>\n\t\t\t\t\t\t<rs-slide data-key=\"rs-83\" data-title=\"Slide\" data-thumb=\"\/\/kammeleon.si\/wp-content\/uploads\/2020\/11\/thumbnail_Kammeleon_Kamnik_solne_lucke-1-100x50.jpg\" data-anim=\"ei:d,d,d,d,d,d,d,d,d,d,d,d,d,d,d,d,d,d,d,d,d,d,d,d,d;eo:d,d,d,d,d,d,d,d,d,d,d,d,d,d,d,d,d,d,d,d,d,d,d,d,d;s:300,d,d,d,d,d,d,d,d,d,d,d,d,d,d,d,d,d,d,d,d,d,d,d,d,d;r:0,0,0,0,0,0,0,0,0,0,0,0,0,0,0,0,0,0,0,0,0,0,0,0,0;t:crossfade,fadethroughdark,fadethroughlight,fadethroughtransparent,slideup,slidedown,slideright,slideleft,slidehorizontal,slidevertical,slideoverup,slideoverdown,slideoverright,slideoverleft,slideoverhorizontal,slideoververtical,random-selected,scaledownfromright,scaledownfromleft,scaledownfromtop,scaledownfrombottom,zoomin,zoomout,slotzoom-horizontal,slotzoom-vertical;sl:d,d,d,d,d,d,d,d,d,d,d,d,d,d,d,d,d,d,d,d,d,d,d,d,d,d;\" data-rndtrans=\"on\">\n\t\t\t\t\t\t\t<img loading=\"lazy\" src=\"\/\/kammeleon.si\/wp-content\/uploads\/2020\/11\/thumbnail_Kammeleon_Kamnik_solne_lucke-1.jpg\" title=\"thumbnail_Kammeleon_Kamnik_solne_lu\u010dke (1)\" width=\"1500\" height=\"703\" data-parallax=\"off\" class=\"rev-slidebg\" data-no-retina>\n<!--\n\t\t\t\t\t\t\t--><rs-layer\n\t\t\t\t\t\t\t\tid=\"slider-29-slide-83-layer-26\" \n\t\t\t\t\t\t\t\tdata-type=\"text\"\n\t\t\t\t\t\t\t\tdata-rsp_ch=\"on\"\n\t\t\t\t\t\t\t\tdata-xy=\"x:c;xo:2px,1px,0,0;yo:159px,131px,99px,61px;\"\n\t\t\t\t\t\t\t\tdata-text=\"w:nowrap;s:50,41,31,30;l:50,41,31,40;a:center;\"\n\t\t\t\t\t\t\t\tdata-dim=\"h:132px,109px,82px,50px;\"\n\t\t\t\t\t\t\t\tdata-padding=\"t:15,12,9,6;r:15,12,9,6;b:15,12,9,6;l:15,12,9,6;\"\n\t\t\t\t\t\t\t\tdata-border=\"bor:10px,10px,10px,10px;\"\n\t\t\t\t\t\t\t\tdata-frame_999=\"o:0;st:w;\"\n\t\t\t\t\t\t\t\tstyle=\"z-index:7;background-color:#0c0c0c;font-family:Montserrat;\"\n\t\t\t\t\t\t\t>\"Bodite svoja lastna svetilka.\"<br \/>\n \n\t\t\t\t\t\t\t<\/rs-layer><!--\n\n\t\t\t\t\t\t\t--><rs-layer\n\t\t\t\t\t\t\t\tid=\"slider-29-slide-83-layer-30\" \n\t\t\t\t\t\t\t\tdata-type=\"text\"\n\t\t\t\t\t\t\t\tdata-rsp_ch=\"on\"\n\t\t\t\t\t\t\t\tdata-xy=\"x:c;yo:259px,213px,161px,160px;\"\n\t\t\t\t\t\t\t\tdata-text=\"w:normal;s:20,16,12,25;l:30,24,18,30;a:center;\"\n\t\t\t\t\t\t\t\tdata-dim=\"w:264px,218px,165px,101px;\"\n\t\t\t\t\t\t\t\tdata-frame_999=\"o:0;st:w;\"\n\t\t\t\t\t\t\t\tstyle=\"z-index:8;background-color:#0c0c0c;font-family:Montserrat;\"\n\t\t\t\t\t\t\t>Buddha \n\t\t\t\t\t\t\t<\/rs-layer><!--\n-->\t\t\t\t\t\t<\/rs-slide>\n\t\t\t\t\t\t<rs-slide data-key=\"rs-84\" data-title=\"Slide\" data-thumb=\"\/\/kammeleon.si\/wp-content\/uploads\/2020\/11\/thumbnail_Kammeleon_darilo_zajbelj_palosanto_svetiles_komplet-100x50.jpg\" data-anim=\"ei:d,d,d,d,d,d,d,d,d,d,d,d,d,d,d,d,d,d,d,d,d,d,d,d,d;eo:d,d,d,d,d,d,d,d,d,d,d,d,d,d,d,d,d,d,d,d,d,d,d,d,d;s:300,d,d,d,d,d,d,d,d,d,d,d,d,d,d,d,d,d,d,d,d,d,d,d,d,d;r:0,0,0,0,0,0,0,0,0,0,0,0,0,0,0,0,0,0,0,0,0,0,0,0,0;t:crossfade,fadethroughdark,fadethroughlight,fadethroughtransparent,slideup,slidedown,slideright,slideleft,slidehorizontal,slidevertical,slideoverup,slideoverdown,slideoverright,slideoverleft,slideoverhorizontal,slideoververtical,random-selected,scaledownfromright,scaledownfromleft,scaledownfromtop,scaledownfrombottom,zoomin,zoomout,slotzoom-horizontal,slotzoom-vertical;sl:d,d,d,d,d,d,d,d,d,d,d,d,d,d,d,d,d,d,d,d,d,d,d,d,d,d;\" data-rndtrans=\"on\">\n\t\t\t\t\t\t\t<img loading=\"lazy\" src=\"\/\/kammeleon.si\/wp-content\/uploads\/2020\/11\/thumbnail_Kammeleon_darilo_zajbelj_palosanto_svetiles_komplet.jpg\" title=\"thumbnail_Kammeleon_darilo_zajbelj_palosanto_svetiles_komplet\" width=\"1500\" height=\"703\" data-bg=\"p:72% 0%;\" data-parallax=\"off\" class=\"rev-slidebg\" data-no-retina>\n<!--\n\t\t\t\t\t\t\t--><rs-layer\n\t\t\t\t\t\t\t\tid=\"slider-29-slide-84-layer-32\" \n\t\t\t\t\t\t\t\tdata-type=\"text\"\n\t\t\t\t\t\t\t\tdata-rsp_ch=\"on\"\n\t\t\t\t\t\t\t\tdata-xy=\"x:c;y:b;yo:100px,82px,62px,100px;\"\n\t\t\t\t\t\t\t\tdata-text=\"w:normal;s:50,41,31,30;l:25,20,15,40;a:center;\"\n\t\t\t\t\t\t\t\tdata-padding=\"t:20,17,13,8;r:20,17,13,8;b:20,17,13,8;l:20,17,13,8;\"\n\t\t\t\t\t\t\t\tdata-border=\"bor:10px,10px,10px,10px;\"\n\t\t\t\t\t\t\t\tdata-frame_999=\"o:0;st:w;\"\n\t\t\t\t\t\t\t\tstyle=\"z-index:6;background-color:#0c0c0c;font-family:Montserrat;\"\n\t\t\t\t\t\t\t>Beli \u017eajbelj in sveti les \n\t\t\t\t\t\t\t<\/rs-layer><!--\n-->\t\t\t\t\t\t<\/rs-slide>\n\t\t\t\t\t\t<rs-slide data-key=\"rs-100\" data-title=\"Slide\" data-thumb=\"\/\/kammeleon.si\/wp-content\/uploads\/2020\/11\/thumbnail_Kammeleon_Kamnik_geode_ametisti-2-100x50.jpg\" data-anim=\"ei:d;eo:d;s:1000;r:0;t:fade;sl:0;\">\n\t\t\t\t\t\t\t<img loading=\"lazy\" src=\"\/\/kammeleon.si\/wp-content\/uploads\/2020\/11\/thumbnail_Kammeleon_Kamnik_geode_ametisti-2.jpg\" title=\"thumbnail_Kammeleon_Kamnik_geode_ametisti (2)\" width=\"1500\" height=\"703\" data-parallax=\"off\" class=\"rev-slidebg\" data-no-retina>\n<!--\n\t\t\t\t\t\t\t--><rs-layer\n\t\t\t\t\t\t\t\tid=\"slider-29-slide-100-layer-33\" \n\t\t\t\t\t\t\t\tdata-type=\"text\"\n\t\t\t\t\t\t\t\tdata-rsp_ch=\"on\"\n\t\t\t\t\t\t\t\tdata-xy=\"x:c;yo:120px,99px,75px,100px;\"\n\t\t\t\t\t\t\t\tdata-text=\"w:normal;s:50,41,31,30;l:50,41,31,40;a:center;\"\n\t\t\t\t\t\t\t\tdata-dim=\"w:auto,auto,auto,334px;h:auto,auto,auto,88px;\"\n\t\t\t\t\t\t\t\tdata-padding=\"t:10,8,6,4;r:10,8,6,4;b:10,8,6,4;l:10,8,6,4;\"\n\t\t\t\t\t\t\t\tdata-frame_999=\"o:0;st:w;\"\n\t\t\t\t\t\t\t\tstyle=\"z-index:5;background-color:#000000;font-family:Montserrat;\"\n\t\t\t\t\t\t\t>Izdelki iz poldragih kamnov \n\t\t\t\t\t\t\t<\/rs-layer><!--\n-->\t\t\t\t\t\t<\/rs-slide>\n\t\t\t\t\t\t<rs-slide data-key=\"rs-101\" data-title=\"Slide\" data-thumb=\"\/\/kammeleon.si\/wp-content\/uploads\/2020\/11\/thumbnail_Kammeleon_izdelkli_iz_lesa.jpg\" data-anim=\"ei:d;eo:d;s:1000;r:0;t:fade;sl:0;\">\n\t\t\t\t\t\t\t<img loading=\"lazy\" src=\"\/\/kammeleon.si\/wp-content\/plugins\/revslider\/public\/assets\/assets\/transparent.png\" alt=\"Slide\" title=\"thumbnail_Kammeleon_izdelkli_iz_lesa\" width=\"1500\" height=\"703\" data-bg=\"c:#000000;\" data-parallax=\"off\" class=\"rev-slidebg\" data-no-retina>\n<!--\n\t\t\t\t\t\t\t--><rs-layer\n\t\t\t\t\t\t\t\tid=\"slider-29-slide-101-layer-34\" \n\t\t\t\t\t\t\t\tdata-type=\"image\"\n\t\t\t\t\t\t\t\tdata-rsp_ch=\"on\"\n\t\t\t\t\t\t\t\tdata-xy=\"x:c;y:m;yo:100px,82px,62px,38px;\"\n\t\t\t\t\t\t\t\tdata-text=\"w:normal;s:20,16,12,7;l:0,20,15,9;\"\n\t\t\t\t\t\t\t\tdata-dim=\"w:900px,743px,564px,347px;h:629px,519px,394px,243px;\"\n\t\t\t\t\t\t\t\tdata-frame_999=\"o:0;st:w;\"\n\t\t\t\t\t\t\t\tstyle=\"z-index:5;\"\n\t\t\t\t\t\t\t><img loading=\"lazy\" src=\"\/\/kammeleon.si\/wp-content\/uploads\/2020\/11\/thumbnail_Kammeleon_izdelkli_iz_lesa-1.jpg\" width=\"700\" height=\"489\" data-no-retina> \n\t\t\t\t\t\t\t<\/rs-layer><!--\n\n\t\t\t\t\t\t\t--><rs-layer\n\t\t\t\t\t\t\t\tid=\"slider-29-slide-101-layer-36\" \n\t\t\t\t\t\t\t\tdata-type=\"text\"\n\t\t\t\t\t\t\t\tdata-rsp_ch=\"on\"\n\t\t\t\t\t\t\t\tdata-xy=\"x:c;yo:150px,123px,93px,150px;\"\n\t\t\t\t\t\t\t\tdata-text=\"w:normal;s:50,41,31,30;l:50,41,31,40;\"\n\t\t\t\t\t\t\t\tdata-frame_999=\"o:0;st:w;\"\n\t\t\t\t\t\t\t\tstyle=\"z-index:7;font-family:Montserrat;\"\n\t\t\t\t\t\t\t>Izdelki iz lesa \n\t\t\t\t\t\t\t<\/rs-layer><!--\n-->\t\t\t\t\t\t<\/rs-slide>\n\t\t\t\t\t<\/rs-slides>\n\t\t\t\t<\/rs-module>\n\t\t\t\t<script type=\"text\/javascript\">\n\t\t\t\t\tsetREVStartSize({c: 'rev_slider_29_1',rl:[1240,1024,778,480],el:[900,850,700,700],gw:[1240,1024,778,480],gh:[900,850,700,700],type:'standard',justify:'',layout:'fullwidth',mh:\"0\"});\n\t\t\t\t\tvar\trevapi29,\n\t\t\t\t\t\ttpj;\n\t\t\t\t\tfunction revinit_revslider291() {\n\t\t\t\t\tjQuery(function() {\n\t\t\t\t\t\ttpj = jQuery;\n\t\t\t\t\t\trevapi29 = tpj(\"#rev_slider_29_1\");\n\t\t\t\t\t\tif(revapi29==undefined || revapi29.revolution == undefined){\n\t\t\t\t\t\t\trevslider_showDoubleJqueryError(\"rev_slider_29_1\");\n\t\t\t\t\t\t}else{\n\t\t\t\t\t\t\trevapi29.revolution({\n\t\t\t\t\t\t\t\tsliderLayout:\"fullwidth\",\n\t\t\t\t\t\t\t\tvisibilityLevels:\"1240,1024,778,480\",\n\t\t\t\t\t\t\t\tgridwidth:\"1240,1024,778,480\",\n\t\t\t\t\t\t\t\tgridheight:\"900,850,700,700\",\n\t\t\t\t\t\t\t\tperspective:600,\n\t\t\t\t\t\t\t\tperspectiveType:\"local\",\n\t\t\t\t\t\t\t\teditorheight:\"900,850,700,700\",\n\t\t\t\t\t\t\t\tresponsiveLevels:\"1240,1024,778,480\",\n\t\t\t\t\t\t\t\tprogressBar:{disableProgressBar:true},\n\t\t\t\t\t\t\t\tnavigation: {\n\t\t\t\t\t\t\t\t\tmouseScrollNavigation:false,\n\t\t\t\t\t\t\t\t\tonHoverStop:false,\n\t\t\t\t\t\t\t\t\ttouch: {\n\t\t\t\t\t\t\t\t\t\ttouchenabled:true,\n\t\t\t\t\t\t\t\t\t\tswipe_min_touches:50\n\t\t\t\t\t\t\t\t\t},\n\t\t\t\t\t\t\t\t\tbullets: {\n\t\t\t\t\t\t\t\t\t\tenable:true,\n\t\t\t\t\t\t\t\t\t\ttmp:\"\",\n\t\t\t\t\t\t\t\t\t\tstyle:\"jewelry\",\n\t\t\t\t\t\t\t\t\t\th_offset:-15,\n\t\t\t\t\t\t\t\t\t\tv_offset:45,\n\t\t\t\t\t\t\t\t\t\tspace:0\n\t\t\t\t\t\t\t\t\t}\n\t\t\t\t\t\t\t\t},\n\t\t\t\t\t\t\t\tparallax: {\n\t\t\t\t\t\t\t\t\tlevels:[2,3,4,5,6,7,12,16,10,50,47,48,49,50,51,55],\n\t\t\t\t\t\t\t\t\ttype:\"mouse\",\n\t\t\t\t\t\t\t\t\torigo:\"slidercenter\",\n\t\t\t\t\t\t\t\t\tspeed:2000\n\t\t\t\t\t\t\t\t},\n\t\t\t\t\t\t\t\tfallbacks: {\n\t\t\t\t\t\t\t\t\tallowHTML5AutoPlayOnAndroid:true\n\t\t\t\t\t\t\t\t},\n\t\t\t\t\t\t\t});\n\t\t\t\t\t\t}\n\t\t\t\t\t\t\n\t\t\t\t\t});\n\t\t\t\t\t} \/\/ End of RevInitScript\n\t\t\t\tvar once_revslider291 = false;\n\t\t\t\tif (document.readyState === \"loading\") {document.addEventListener('readystatechange',function() { if((document.readyState === \"interactive\" || document.readyState === \"complete\") && !once_revslider291 ) { once_revslider291 = true; revinit_revslider291();}});} else {once_revslider291 = true; revinit_revslider291();}\n\t\t\t\t<\/script>\n\t\t\t\t<script>\n\t\t\t\t\tvar htmlDivCss = unescape(\".tp-bullets.jewelry%20%7B%0A%09width%3A%20auto%20%21important%3B%0A%7D%0A.jewelry%20.tp-bullets%3Abefore%20%7B%0A%09content%3A%22%20%22%3B%0A%09position%3Aabsolute%3B%0A%09width%3A100%25%3B%0A%09height%3A100%25%3B%0A%09background%3Atransparent%3B%0A%09padding%3A10px%3B%0A%20%20%20%20margin-top%3A-10px%3B%0A%09box-sizing%3Acontent-box%3B%0A%7D%0A.jewelry%20.tp-bullet%20%7B%0A%09width%3A10px%3B%0A%09height%3A10px%3B%0A%09position%3Arelative%3B%0A%20%20%20%20background%3A%20%23fff%3B%0A%09cursor%3A%20pointer%3B%0A%09box-sizing%3Acontent-box%3B%0A%20%20%20%20border-radius%3A%20100%25%3B%0A%20%20%20%20display%3A%20inline-block%3B%0A%20%20%20%20float%3A%20left%3B%0A%7D%0A.jewelry%20.tp-bullet.selected%20%7B%0A%09background%3Argb%28125%2C125%2C125%29%3B%0A%20%20%20%20width%3A%2025px%3B%0A%20%20%20%20border-radius%3A%204px%204px%204px%204px%3B%0A%20%20%20%20display%3A%20inline-block%3B%0A%20%20%20%20position%3Arelative%3B%0A%7D%0A.jewelry%20.tp-bullet-image%20%7B%0A%7D%0A.jewelry%20.tp-bullet-title%20%7B%0A%7D%0A%0A\");\n\t\t\t\t\tvar htmlDiv = document.getElementById('rs-plugin-settings-inline-css');\n\t\t\t\t\tif(htmlDiv) {\n\t\t\t\t\t\thtmlDiv.innerHTML = htmlDiv.innerHTML + htmlDivCss;\n\t\t\t\t\t}else{\n\t\t\t\t\t\tvar htmlDiv = document.createElement('div');\n\t\t\t\t\t\thtmlDiv.innerHTML = '<style>' + htmlDivCss + '<\/style>';\n\t\t\t\t\t\tdocument.getElementsByTagName('head')[0].appendChild(htmlDiv.childNodes[0]);\n\t\t\t\t\t}\n\t\t\t\t<\/script>\n\t\t\t\t<script>\n\t\t\t\t\tvar htmlDivCss = unescape(\"%0A%0A%0A%0A\");\n\t\t\t\t\tvar htmlDiv = document.getElementById('rs-plugin-settings-inline-css');\n\t\t\t\t\tif(htmlDiv) {\n\t\t\t\t\t\thtmlDiv.innerHTML = htmlDiv.innerHTML + htmlDivCss;\n\t\t\t\t\t}else{\n\t\t\t\t\t\tvar htmlDiv = document.createElement('div');\n\t\t\t\t\t\thtmlDiv.innerHTML = '<style>' + htmlDivCss + '<\/style>';\n\t\t\t\t\t\tdocument.getElementsByTagName('head')[0].appendChild(htmlDiv.childNodes[0]);\n\t\t\t\t\t}\n\t\t\t\t<\/script>\n\t\t\t<\/rs-module-wrap>\n\t\t\t<!-- END REVOLUTION SLIDER -->\n<\/div>\r\n\r\n\t\t\t\t<\/div>\n\t\t\t\t<\/div>\n\t\t\t\t\t\t<\/div>\n\t\t\t\t\t<\/div>\n\t\t<\/div>\n\t\t\t\t\t\t\t\t<\/div>\n\t\t\t\t\t<\/div>\n\t\t<\/section>\n\t\t\t\t<section class=\"elementor-section elementor-top-section elementor-element elementor-element-b1b0537 elementor-section-boxed elementor-section-height-default elementor-section-height-default selection-is-not-sticked\" data-id=\"b1b0537\" data-element_type=\"section\">\n\t\t\t\t\t\t<div class=\"elementor-container elementor-column-gap-default\">\n\t\t\t\t\t\t\t<div class=\"elementor-row\">\n\t\t\t\t\t<div class=\"elementor-column elementor-col-100 elementor-top-column elementor-element elementor-element-558b0a2\" data-id=\"558b0a2\" data-element_type=\"column\">\n\t\t\t<div class=\"elementor-column-wrap elementor-element-populated\">\n\t\t\t\t\t\t\t<div class=\"elementor-widget-wrap\">\n\t\t\t\t\t\t<div class=\"elementor-element elementor-element-1ef3aff elementor-widget elementor-widget-spacer\" data-id=\"1ef3aff\" data-element_type=\"widget\" data-widget_type=\"spacer.default\">\n\t\t\t\t<div class=\"elementor-widget-container\">\n\t\t\t\t\t<div class=\"elementor-spacer\">\n\t\t\t<div class=\"elementor-spacer-inner\"><\/div>\n\t\t<\/div>\n\t\t\t\t<\/div>\n\t\t\t\t<\/div>\n\t\t\t\t\t\t<\/div>\n\t\t\t\t\t<\/div>\n\t\t<\/div>\n\t\t\t\t\t\t\t\t<\/div>\n\t\t\t\t\t<\/div>\n\t\t<\/section>\n\t\t\t\t<section class=\"elementor-section elementor-top-section elementor-element elementor-element-f2b92d7 element-home-icons elementor-section-boxed elementor-section-height-default elementor-section-height-default selection-is-not-sticked\" data-id=\"f2b92d7\" data-element_type=\"section\">\n\t\t\t\t\t\t<div class=\"elementor-container elementor-column-gap-default\">\n\t\t\t\t\t\t\t<div class=\"elementor-row\">\n\t\t\t\t\t<div class=\"elementor-column elementor-col-25 elementor-top-column elementor-element elementor-element-5240df7 element-home-icon\" data-id=\"5240df7\" data-element_type=\"column\">\n\t\t\t<div class=\"elementor-column-wrap elementor-element-populated\">\n\t\t\t\t\t\t\t<div class=\"elementor-widget-wrap\">\n\t\t\t\t\t\t<div class=\"elementor-element elementor-element-9521308 elementor-position-left elementor-vertical-align-middle elementor-view-default elementor-widget elementor-widget-icon-box\" data-id=\"9521308\" data-element_type=\"widget\" data-widget_type=\"icon-box.default\">\n\t\t\t\t<div class=\"elementor-widget-container\">\n\t\t\t\t\t<div class=\"elementor-icon-box-wrapper\">\n\t\t\t\t\t\t<div class=\"elementor-icon-box-icon\">\n\t\t\t\t<span class=\"elementor-icon elementor-animation-\" >\n\t\t\t\t<i aria-hidden=\"true\" class=\"fas fa-truck\"><\/i>\t\t\t\t<\/span>\n\t\t\t<\/div>\n\t\t\t\t\t\t<div class=\"elementor-icon-box-content\">\n\t\t\t\t<h3 class=\"elementor-icon-box-title\">\n\t\t\t\t\t<span >Brezpla\u010dna po\u0161tnina<\/span>\n\t\t\t\t<\/h3>\n\t\t\t\t\t\t\t\t<p class=\"elementor-icon-box-description\">Pri nakupu nad 40 \u20ac<\/p>\n\t\t\t\t\t\t\t<\/div>\n\t\t<\/div>\n\t\t\t\t<\/div>\n\t\t\t\t<\/div>\n\t\t\t\t\t\t<\/div>\n\t\t\t\t\t<\/div>\n\t\t<\/div>\n\t\t\t\t<div class=\"elementor-column elementor-col-25 elementor-top-column elementor-element elementor-element-e05fe68 element-home-icon\" data-id=\"e05fe68\" data-element_type=\"column\">\n\t\t\t<div class=\"elementor-column-wrap elementor-element-populated\">\n\t\t\t\t\t\t\t<div class=\"elementor-widget-wrap\">\n\t\t\t\t\t\t<div class=\"elementor-element elementor-element-c1dfa0d elementor-position-left elementor-vertical-align-middle elementor-view-default elementor-widget elementor-widget-icon-box\" data-id=\"c1dfa0d\" data-element_type=\"widget\" data-widget_type=\"icon-box.default\">\n\t\t\t\t<div class=\"elementor-widget-container\">\n\t\t\t\t\t<div class=\"elementor-icon-box-wrapper\">\n\t\t\t\t\t\t<div class=\"elementor-icon-box-icon\">\n\t\t\t\t<span class=\"elementor-icon elementor-animation-\" >\n\t\t\t\t<i aria-hidden=\"true\" class=\"fas fa-shipping-fast\"><\/i>\t\t\t\t<\/span>\n\t\t\t<\/div>\n\t\t\t\t\t\t<div class=\"elementor-icon-box-content\">\n\t\t\t\t<h3 class=\"elementor-icon-box-title\">\n\t\t\t\t\t<span >HITRA DOSTAVA<\/span>\n\t\t\t\t<\/h3>\n\t\t\t\t\t\t\t\t<p class=\"elementor-icon-box-description\">2 - 5 dni<\/p>\n\t\t\t\t\t\t\t<\/div>\n\t\t<\/div>\n\t\t\t\t<\/div>\n\t\t\t\t<\/div>\n\t\t\t\t\t\t<\/div>\n\t\t\t\t\t<\/div>\n\t\t<\/div>\n\t\t\t\t<div class=\"elementor-column elementor-col-25 elementor-top-column elementor-element elementor-element-623801a element-home-icon\" data-id=\"623801a\" data-element_type=\"column\">\n\t\t\t<div class=\"elementor-column-wrap elementor-element-populated\">\n\t\t\t\t\t\t\t<div class=\"elementor-widget-wrap\">\n\t\t\t\t\t\t<div class=\"elementor-element elementor-element-480f0ac elementor-position-left elementor-vertical-align-middle elementor-view-default elementor-widget elementor-widget-icon-box\" data-id=\"480f0ac\" data-element_type=\"widget\" data-widget_type=\"icon-box.default\">\n\t\t\t\t<div class=\"elementor-widget-container\">\n\t\t\t\t\t<div class=\"elementor-icon-box-wrapper\">\n\t\t\t\t\t\t<div class=\"elementor-icon-box-icon\">\n\t\t\t\t<span class=\"elementor-icon elementor-animation-\" >\n\t\t\t\t<i aria-hidden=\"true\" class=\"fas fa-undo\"><\/i>\t\t\t\t<\/span>\n\t\t\t<\/div>\n\t\t\t\t\t\t<div class=\"elementor-icon-box-content\">\n\t\t\t\t<h3 class=\"elementor-icon-box-title\">\n\t\t\t\t\t<span >VRA\u010cILO DENARJA<\/span>\n\t\t\t\t<\/h3>\n\t\t\t\t\t\t\t\t<p class=\"elementor-icon-box-description\">14 dni po nakupu<\/p>\n\t\t\t\t\t\t\t<\/div>\n\t\t<\/div>\n\t\t\t\t<\/div>\n\t\t\t\t<\/div>\n\t\t\t\t\t\t<\/div>\n\t\t\t\t\t<\/div>\n\t\t<\/div>\n\t\t\t\t<div class=\"elementor-column elementor-col-25 elementor-top-column elementor-element elementor-element-10b0812 element-home-icon\" data-id=\"10b0812\" data-element_type=\"column\">\n\t\t\t<div class=\"elementor-column-wrap elementor-element-populated\">\n\t\t\t\t\t\t\t<div class=\"elementor-widget-wrap\">\n\t\t\t\t\t\t<div class=\"elementor-element elementor-element-4917950 elementor-position-left elementor-vertical-align-middle elementor-view-default elementor-widget elementor-widget-icon-box\" data-id=\"4917950\" data-element_type=\"widget\" data-widget_type=\"icon-box.default\">\n\t\t\t\t<div class=\"elementor-widget-container\">\n\t\t\t\t\t<div class=\"elementor-icon-box-wrapper\">\n\t\t\t\t\t\t<div class=\"elementor-icon-box-icon\">\n\t\t\t\t<span class=\"elementor-icon elementor-animation-\" >\n\t\t\t\t<i aria-hidden=\"true\" class=\"fas fa-heart\"><\/i>\t\t\t\t<\/span>\n\t\t\t<\/div>\n\t\t\t\t\t\t<div class=\"elementor-icon-box-content\">\n\t\t\t\t<h3 class=\"elementor-icon-box-title\">\n\t\t\t\t\t<span >100 % VAREN NAKUP<\/span>\n\t\t\t\t<\/h3>\n\t\t\t\t\t\t\t\t<p class=\"elementor-icon-box-description\">\n\n\n<\/p>\n\t\t\t\t\t\t\t<\/div>\n\t\t<\/div>\n\t\t\t\t<\/div>\n\t\t\t\t<\/div>\n\t\t\t\t\t\t<\/div>\n\t\t\t\t\t<\/div>\n\t\t<\/div>\n\t\t\t\t\t\t\t\t<\/div>\n\t\t\t\t\t<\/div>\n\t\t<\/section>\n\t\t\t\t<section class=\"elementor-section elementor-top-section elementor-element elementor-element-38805a1 elementor-section-boxed elementor-section-height-default elementor-section-height-default selection-is-not-sticked\" data-id=\"38805a1\" data-element_type=\"section\">\n\t\t\t\t\t\t<div class=\"elementor-container elementor-column-gap-default\">\n\t\t\t\t\t\t\t<div class=\"elementor-row\">\n\t\t\t\t\t<div class=\"elementor-column elementor-col-100 elementor-top-column elementor-element elementor-element-ca2d77c\" data-id=\"ca2d77c\" data-element_type=\"column\">\n\t\t\t<div class=\"elementor-column-wrap elementor-element-populated\">\n\t\t\t\t\t\t\t<div class=\"elementor-widget-wrap\">\n\t\t\t\t\t\t<div class=\"elementor-element elementor-element-1c2c3fd elementor-widget elementor-widget-text-editor\" data-id=\"1c2c3fd\" data-element_type=\"widget\" data-widget_type=\"text-editor.default\">\n\t\t\t\t<div class=\"elementor-widget-container\">\n\t\t\t\t\t<div class=\"elementor-text-editor elementor-clearfix\"><h1>\u00a0<\/h1><h1>O nas<\/h1><p>Na\u0161i za\u010detki segajo v leto 1993, ko smo v Kamniku odprli trgovino. Skozi leta smo predstavili \u0161tevilne izdelke iz Indije, Indonezije, Afrike, Kitajske, Pakistana &#8230;<\/p><p>Z vztrajnostjo smo pri\u0161li do spletne strani, da raz\u0161irimo in razveselimo slovenski trg in to je na\u0161 cilj tudi v prihodnosti.<\/p><p>Z nami lahko svoj vsakdan obogatite z dekorativnimi in uporabnimi predmeti iz razli\u010dnih delov sveta ter s sr\u010dno energijo tujih in doma\u010dih ustvarjalcev.<\/p><p>\u00a0<\/p><p>\u00a0<\/p><\/div>\n\t\t\t\t<\/div>\n\t\t\t\t<\/div>\n\t\t\t\t\t\t<\/div>\n\t\t\t\t\t<\/div>\n\t\t<\/div>\n\t\t\t\t\t\t\t\t<\/div>\n\t\t\t\t\t<\/div>\n\t\t<\/section>\n\t\t\t\t\t\t<\/div>\n\t\t\t\t\t\t<\/div>\n\t\t\t\t\t<\/div>\n\t\t","protected":false},"excerpt":{"rendered":"<p>Brezpla\u010dna po\u0161tnina Pri nakupu nad 40 \u20ac HITRA DOSTAVA 2 &#8211; 5 dni VRA\u010cILO DENARJA 14 dni po nakupu 100 % VAREN NAKUP \u00a0 O nas Na\u0161i za\u010detki segajo v leto 1993, ko smo v Kamniku odprli trgovino. Skozi leta smo predstavili \u0161tevilne izdelke iz Indije, Indonezije, Afrike, Kitajske, Pakistana &#8230; Z vztrajnostjo smo pri\u0161li &hellip; <\/p>\n<p class=\"link-more\"><a href=\"https:\/\/kammeleon.si\/\" class=\"more-link\">Continue reading<span class=\"screen-reader-text\"> &#8220;Domov&#8221;<\/span><\/a><\/p>\n","protected":false},"author":2,"featured_media":0,"parent":0,"menu_order":0,"comment_status":"closed","ping_status":"closed","template":"","meta":[],"_links":{"self":[{"href":"https:\/\/kammeleon.si\/index.php?rest_route=\/wp\/v2\/pages\/6153"}],"collection":[{"href":"https:\/\/kammeleon.si\/index.php?rest_route=\/wp\/v2\/pages"}],"about":[{"href":"https:\/\/kammeleon.si\/index.php?rest_route=\/wp\/v2\/types\/page"}],"author":[{"embeddable":true,"href":"https:\/\/kammeleon.si\/index.php?rest_route=\/wp\/v2\/users\/2"}],"replies":[{"embeddable":true,"href":"https:\/\/kammeleon.si\/index.php?rest_route=%2Fwp%2Fv2%2Fcomments&post=6153"}],"version-history":[{"count":22,"href":"https:\/\/kammeleon.si\/index.php?rest_route=\/wp\/v2\/pages\/6153\/revisions"}],"predecessor-version":[{"id":11994,"href":"https:\/\/kammeleon.si\/index.php?rest_route=\/wp\/v2\/pages\/6153\/revisions\/11994"}],"wp:attachment":[{"href":"https:\/\/kammeleon.si\/index.php?rest_route=%2Fwp%2Fv2%2Fmedia&parent=6153"}],"curies":[{"name":"wp","href":"https:\/\/api.w.org\/{rel}","templated":true}]}}